{"id":894,"date":"2026-01-22T18:43:59","date_gmt":"2026-01-22T18:43:59","guid":{"rendered":"https:\/\/stellarwebcraft.com\/?post_type=product&#038;p=894"},"modified":"2026-01-22T18:46:50","modified_gmt":"2026-01-22T18:46:50","slug":"894","status":"publish","type":"product","link":"https:\/\/stellarwebcraft.com\/?product=894","title":{"rendered":"Sandales rigolotes Ambiance de la plage"},"content":{"rendered":"<p>Code de produit: <b>D-U-F-SD-C-PVC-1603<\/b><\/p>\n<ul>\n<li>Notre tableau des tailles t\u2019aidera \u00e0 choisir la bonne taille. Si tu n\u2019es toujours pas s\u00fbr.e, nous te recommandons de commander des sandales d\u2019une pointure sup\u00e9rieure \u00e0 celle que tu portes normalement.<\/li>\n<li>Mati\u00e8re\u00a0: 100\u00a0% PVC<\/li>\n<li>Une assise plantaire profil\u00e9e assure un port confortable<\/li>\n<li>Un design original inspir\u00e9 par tout ce qui nous entoure<\/li>\n<li>Marque : Dedoles<\/li>\n<li>Con\u00e7u en Slovaquie, fabriqu\u00e9 en Chine<\/li>\n<\/ul>\n<p><strong>Entretien\u00a0:<\/strong> Enl\u00e8ve d\u00e9licatement les taches ou la salet\u00e9 \u00e0 l\u2019aide d\u2019un chiffon humide ou d\u2019une \u00e9ponge. Au cas o\u00f9 les chaussures se mouillent, fais-les s\u00e9cher \u00e0 temp\u00e9rature ambiante ou \u00e0 l\u2019ombre. N\u2019utilise pas de p\u00e2te ou de cr\u00e8me protectrice sur les chaussures. N\u2019utilise pas d\u2019eau de Javel ni de s\u00e8che-linge. Lorsque tu portes des chaussures, tiens compte de la m\u00e9t\u00e9o et de ta s\u00e9curit\u00e9.<\/p>\n<p>Des motifs amusants et des mat\u00e9riaux de qualit\u00e9 &#8211; c&rsquo;est ce que nos sandales repr\u00e9sentent. Si tu veux rendre tes pas un peu plus joyeux, fais-toi plaisir et essaie-les.<\/p>\n<p><img fetchpriority=\"high\" decoding=\"async\" class=\"alignnone size-medium wp-image-898\" src=\"https:\/\/stellarwebcraft.com\/wp-content\/uploads\/2026\/01\/D-U-F-SD-C-PVC-1603_3-225x300.png\" alt=\"\" width=\"225\" height=\"300\" srcset=\"https:\/\/stellarwebcraft.com\/wp-content\/uploads\/2026\/01\/D-U-F-SD-C-PVC-1603_3-225x300.png 225w, https:\/\/stellarwebcraft.com\/wp-content\/uploads\/2026\/01\/D-U-F-SD-C-PVC-1603_3-350x467.png 350w, https:\/\/stellarwebcraft.com\/wp-content\/uploads\/2026\/01\/D-U-F-SD-C-PVC-1603_3-600x800.png 600w, https:\/\/stellarwebcraft.com\/wp-content\/uploads\/2026\/01\/D-U-F-SD-C-PVC-1603_3-768x1024.png 768w, https:\/\/stellarwebcraft.com\/wp-content\/uploads\/2026\/01\/D-U-F-SD-C-PVC-1603_3.png 1080w\" sizes=\"(max-width: 225px) 100vw, 225px\" \/><\/p>\n<p><img decoding=\"async\" class=\"alignnone size-medium wp-image-897\" src=\"https:\/\/stellarwebcraft.com\/wp-content\/uploads\/2026\/01\/D-U-F-SD-C-PVC-1603_2-225x300.png\" alt=\"\" width=\"225\" height=\"300\" srcset=\"https:\/\/stellarwebcraft.com\/wp-content\/uploads\/2026\/01\/D-U-F-SD-C-PVC-1603_2-225x300.png 225w, https:\/\/stellarwebcraft.com\/wp-content\/uploads\/2026\/01\/D-U-F-SD-C-PVC-1603_2-350x467.png 350w, https:\/\/stellarwebcraft.com\/wp-content\/uploads\/2026\/01\/D-U-F-SD-C-PVC-1603_2-600x800.png 600w, https:\/\/stellarwebcraft.com\/wp-content\/uploads\/2026\/01\/D-U-F-SD-C-PVC-1603_2-768x1024.png 768w, https:\/\/stellarwebcraft.com\/wp-content\/uploads\/2026\/01\/D-U-F-SD-C-PVC-1603_2.png 1080w\" sizes=\"(max-width: 225px) 100vw, 225px\" \/><\/p>\n<p><img decoding=\"async\" class=\"alignnone size-medium wp-image-895\" src=\"https:\/\/stellarwebcraft.com\/wp-content\/uploads\/2026\/01\/D-U-F-SD-C-PVC-1603_1-225x300.png\" alt=\"\" width=\"225\" height=\"300\" srcset=\"https:\/\/stellarwebcraft.com\/wp-content\/uploads\/2026\/01\/D-U-F-SD-C-PVC-1603_1-225x300.png 225w, https:\/\/stellarwebcraft.com\/wp-content\/uploads\/2026\/01\/D-U-F-SD-C-PVC-1603_1-350x467.png 350w, https:\/\/stellarwebcraft.com\/wp-content\/uploads\/2026\/01\/D-U-F-SD-C-PVC-1603_1-600x800.png 600w, https:\/\/stellarwebcraft.com\/wp-content\/uploads\/2026\/01\/D-U-F-SD-C-PVC-1603_1-768x1024.png 768w, https:\/\/stellarwebcraft.com\/wp-content\/uploads\/2026\/01\/D-U-F-SD-C-PVC-1603_1.png 1080w\" sizes=\"(max-width: 225px) 100vw, 225px\" \/><\/p>\n","protected":false},"excerpt":{"rendered":"<p>Code de produit: D-U-F-SD-C-PVC-1603 Notre tableau des tailles t\u2019aidera \u00e0 choisir la bonne taille. Si tu n\u2019es toujours pas s\u00fbr.e, nous te recommandons de commander des sandales d\u2019une pointure sup\u00e9rieure \u00e0 celle que tu portes normalement. Mati\u00e8re\u00a0: 100\u00a0% PVC Une assise plantaire profil\u00e9e assure un port confortable Un design original inspir\u00e9 par tout ce qui nous entoure Marque : Dedoles Con\u00e7u en Slovaquie, fabriqu\u00e9 en Chine Entretien\u00a0: Enl\u00e8ve d\u00e9licatement les taches ou la salet\u00e9 \u00e0 l\u2019aide d\u2019un chiffon humide ou d\u2019une \u00e9ponge. Au cas o\u00f9 les chaussures se mouillent, fais-les s\u00e9cher \u00e0 temp\u00e9rature ambiante ou \u00e0 l\u2019ombre. N\u2019utilise pas de p\u00e2te<a href=\"https:\/\/stellarwebcraft.com\/?product=894\" class=\"more-link\"><span class=\"screen-reader-text\"> \u00ab\u00a0Sandales rigolotes Ambiance de la plage\u00a0\u00bb<\/span><\/a><\/p>\n","protected":false},"featured_media":896,"comment_status":"open","ping_status":"closed","template":"","meta":{"_crdt_document":""},"product_brand":[],"product_cat":[23],"product_tag":[],"class_list":{"0":"post-894","1":"product","2":"type-product","3":"status-publish","4":"has-post-thumbnail","6":"product_cat-chaussure","8":"first","9":"instock","10":"shipping-taxable","11":"purchasable","12":"product-type-simple"},"yoast_head":"<!-- This site is optimized with the Yoast SEO plugin v27.4 - https:\/\/yoast.com\/product\/yoast-seo-wordpress\/ -->\n<title>Sandales rigolotes Ambiance de la plage -<\/title>\n<meta name=\"robots\" content=\"index, follow, max-snippet:-1, max-image-preview:large, max-video-preview:-1\" \/>\n<link rel=\"canonical\" href=\"https:\/\/stellarwebcraft.com\/?product=894\" \/>\n<meta property=\"og:locale\" content=\"fr_FR\" \/>\n<meta property=\"og:type\" content=\"article\" \/>\n<meta property=\"og:title\" content=\"Sandales rigolotes Ambiance de la plage -\" \/>\n<meta property=\"og:description\" content=\"Code de produit: D-U-F-SD-C-PVC-1603 Notre tableau des tailles t\u2019aidera \u00e0 choisir la bonne taille. Si tu n\u2019es toujours pas s\u00fbr.e, nous te recommandons de commander des sandales d\u2019une pointure sup\u00e9rieure \u00e0 celle que tu portes normalement. Mati\u00e8re\u00a0: 100\u00a0% PVC Une assise plantaire profil\u00e9e assure un port confortable Un design original inspir\u00e9 par tout ce qui nous entoure Marque : Dedoles Con\u00e7u en Slovaquie, fabriqu\u00e9 en Chine Entretien\u00a0: Enl\u00e8ve d\u00e9licatement les taches ou la salet\u00e9 \u00e0 l\u2019aide d\u2019un chiffon humide ou d\u2019une \u00e9ponge. Au cas o\u00f9 les chaussures se mouillent, fais-les s\u00e9cher \u00e0 temp\u00e9rature ambiante ou \u00e0 l\u2019ombre. N\u2019utilise pas de p\u00e2te &quot;Sandales rigolotes Ambiance de la plage&quot;\" \/>\n<meta property=\"og:url\" content=\"https:\/\/stellarwebcraft.com\/?product=894\" \/>\n<meta property=\"article:publisher\" content=\"https:\/\/www.facebook.com\/RealFlightSimulator\" \/>\n<meta property=\"article:modified_time\" content=\"2026-01-22T18:46:50+00:00\" \/>\n<meta property=\"og:image\" content=\"https:\/\/stellarwebcraft.com\/wp-content\/uploads\/2026\/01\/Beach_Mood__1_.jpg\" \/>\n\t<meta property=\"og:image:width\" content=\"1080\" \/>\n\t<meta property=\"og:image:height\" content=\"1440\" \/>\n\t<meta property=\"og:image:type\" content=\"image\/jpeg\" \/>\n<meta name=\"twitter:card\" content=\"summary_large_image\" \/>\n<meta name=\"twitter:label1\" content=\"Dur\u00e9e de lecture estim\u00e9e\" \/>\n\t<meta name=\"twitter:data1\" content=\"2 minutes\" \/>\n<script type=\"application\/ld+json\" class=\"yoast-schema-graph\">{\"@context\":\"https:\\\/\\\/schema.org\",\"@graph\":[{\"@type\":\"WebPage\",\"@id\":\"https:\\\/\\\/stellarwebcraft.com\\\/?product=894\",\"url\":\"https:\\\/\\\/stellarwebcraft.com\\\/?product=894\",\"name\":\"Sandales rigolotes Ambiance de la plage -\",\"isPartOf\":{\"@id\":\"https:\\\/\\\/stellarwebcraft.com\\\/#website\"},\"primaryImageOfPage\":{\"@id\":\"https:\\\/\\\/stellarwebcraft.com\\\/?product=894#primaryimage\"},\"image\":{\"@id\":\"https:\\\/\\\/stellarwebcraft.com\\\/?product=894#primaryimage\"},\"thumbnailUrl\":\"https:\\\/\\\/stellarwebcraft.com\\\/wp-content\\\/uploads\\\/2026\\\/01\\\/Beach_Mood__1_.jpg\",\"datePublished\":\"2026-01-22T18:43:59+00:00\",\"dateModified\":\"2026-01-22T18:46:50+00:00\",\"breadcrumb\":{\"@id\":\"https:\\\/\\\/stellarwebcraft.com\\\/?product=894#breadcrumb\"},\"inLanguage\":\"fr-FR\",\"potentialAction\":[{\"@type\":\"ReadAction\",\"target\":[\"https:\\\/\\\/stellarwebcraft.com\\\/?product=894\"]}]},{\"@type\":\"ImageObject\",\"inLanguage\":\"fr-FR\",\"@id\":\"https:\\\/\\\/stellarwebcraft.com\\\/?product=894#primaryimage\",\"url\":\"https:\\\/\\\/stellarwebcraft.com\\\/wp-content\\\/uploads\\\/2026\\\/01\\\/Beach_Mood__1_.jpg\",\"contentUrl\":\"https:\\\/\\\/stellarwebcraft.com\\\/wp-content\\\/uploads\\\/2026\\\/01\\\/Beach_Mood__1_.jpg\",\"width\":1080,\"height\":1440},{\"@type\":\"BreadcrumbList\",\"@id\":\"https:\\\/\\\/stellarwebcraft.com\\\/?product=894#breadcrumb\",\"itemListElement\":[{\"@type\":\"ListItem\",\"position\":1,\"name\":\"Home\",\"item\":\"https:\\\/\\\/stellarwebcraft.com\\\/\"},{\"@type\":\"ListItem\",\"position\":2,\"name\":\"Shop\",\"item\":\"https:\\\/\\\/stellarwebcraft.com\\\/?page_id=1046\"},{\"@type\":\"ListItem\",\"position\":3,\"name\":\"Sandales rigolotes Ambiance de la plage\"}]},{\"@type\":\"WebSite\",\"@id\":\"https:\\\/\\\/stellarwebcraft.com\\\/#website\",\"url\":\"https:\\\/\\\/stellarwebcraft.com\\\/\",\"name\":\"Stellar Webcraft\",\"description\":\"Surf et sport\",\"publisher\":{\"@id\":\"https:\\\/\\\/stellarwebcraft.com\\\/#organization\"},\"alternateName\":\"Agence Webflow & Wordpress\",\"potentialAction\":[{\"@type\":\"SearchAction\",\"target\":{\"@type\":\"EntryPoint\",\"urlTemplate\":\"https:\\\/\\\/stellarwebcraft.com\\\/?s={search_term_string}\"},\"query-input\":{\"@type\":\"PropertyValueSpecification\",\"valueRequired\":true,\"valueName\":\"search_term_string\"}}],\"inLanguage\":\"fr-FR\"},{\"@type\":\"Organization\",\"@id\":\"https:\\\/\\\/stellarwebcraft.com\\\/#organization\",\"name\":\"Stellar webcraft\",\"alternateName\":\"Agence Webflow & Wordpress\",\"url\":\"https:\\\/\\\/stellarwebcraft.com\\\/\",\"logo\":{\"@type\":\"ImageObject\",\"inLanguage\":\"fr-FR\",\"@id\":\"https:\\\/\\\/stellarwebcraft.com\\\/#\\\/schema\\\/logo\\\/image\\\/\",\"url\":\"https:\\\/\\\/stellarwebcraft.com\\\/wp-content\\\/uploads\\\/2025\\\/12\\\/Fond-Web-stellar-version-stellar.png\",\"contentUrl\":\"https:\\\/\\\/stellarwebcraft.com\\\/wp-content\\\/uploads\\\/2025\\\/12\\\/Fond-Web-stellar-version-stellar.png\",\"width\":500,\"height\":500,\"caption\":\"Stellar webcraft\"},\"image\":{\"@id\":\"https:\\\/\\\/stellarwebcraft.com\\\/#\\\/schema\\\/logo\\\/image\\\/\"},\"sameAs\":[\"https:\\\/\\\/www.facebook.com\\\/RealFlightSimulator\",\"https:\\\/\\\/mysticstarseeds.fr\\\/\"]}]}<\/script>\n<!-- \/ Yoast SEO plugin. -->","yoast_head_json":{"title":"Sandales rigolotes Ambiance de la plage -","robots":{"index":"index","follow":"follow","max-snippet":"max-snippet:-1","max-image-preview":"max-image-preview:large","max-video-preview":"max-video-preview:-1"},"canonical":"https:\/\/stellarwebcraft.com\/?product=894","og_locale":"fr_FR","og_type":"article","og_title":"Sandales rigolotes Ambiance de la plage -","og_description":"Code de produit: D-U-F-SD-C-PVC-1603 Notre tableau des tailles t\u2019aidera \u00e0 choisir la bonne taille. Si tu n\u2019es toujours pas s\u00fbr.e, nous te recommandons de commander des sandales d\u2019une pointure sup\u00e9rieure \u00e0 celle que tu portes normalement. Mati\u00e8re\u00a0: 100\u00a0% PVC Une assise plantaire profil\u00e9e assure un port confortable Un design original inspir\u00e9 par tout ce qui nous entoure Marque : Dedoles Con\u00e7u en Slovaquie, fabriqu\u00e9 en Chine Entretien\u00a0: Enl\u00e8ve d\u00e9licatement les taches ou la salet\u00e9 \u00e0 l\u2019aide d\u2019un chiffon humide ou d\u2019une \u00e9ponge. Au cas o\u00f9 les chaussures se mouillent, fais-les s\u00e9cher \u00e0 temp\u00e9rature ambiante ou \u00e0 l\u2019ombre. N\u2019utilise pas de p\u00e2te \"Sandales rigolotes Ambiance de la plage\"","og_url":"https:\/\/stellarwebcraft.com\/?product=894","article_publisher":"https:\/\/www.facebook.com\/RealFlightSimulator","article_modified_time":"2026-01-22T18:46:50+00:00","og_image":[{"width":1080,"height":1440,"url":"https:\/\/stellarwebcraft.com\/wp-content\/uploads\/2026\/01\/Beach_Mood__1_.jpg","type":"image\/jpeg"}],"twitter_card":"summary_large_image","twitter_misc":{"Dur\u00e9e de lecture estim\u00e9e":"2 minutes"},"schema":{"@context":"https:\/\/schema.org","@graph":[{"@type":"WebPage","@id":"https:\/\/stellarwebcraft.com\/?product=894","url":"https:\/\/stellarwebcraft.com\/?product=894","name":"Sandales rigolotes Ambiance de la plage -","isPartOf":{"@id":"https:\/\/stellarwebcraft.com\/#website"},"primaryImageOfPage":{"@id":"https:\/\/stellarwebcraft.com\/?product=894#primaryimage"},"image":{"@id":"https:\/\/stellarwebcraft.com\/?product=894#primaryimage"},"thumbnailUrl":"https:\/\/stellarwebcraft.com\/wp-content\/uploads\/2026\/01\/Beach_Mood__1_.jpg","datePublished":"2026-01-22T18:43:59+00:00","dateModified":"2026-01-22T18:46:50+00:00","breadcrumb":{"@id":"https:\/\/stellarwebcraft.com\/?product=894#breadcrumb"},"inLanguage":"fr-FR","potentialAction":[{"@type":"ReadAction","target":["https:\/\/stellarwebcraft.com\/?product=894"]}]},{"@type":"ImageObject","inLanguage":"fr-FR","@id":"https:\/\/stellarwebcraft.com\/?product=894#primaryimage","url":"https:\/\/stellarwebcraft.com\/wp-content\/uploads\/2026\/01\/Beach_Mood__1_.jpg","contentUrl":"https:\/\/stellarwebcraft.com\/wp-content\/uploads\/2026\/01\/Beach_Mood__1_.jpg","width":1080,"height":1440},{"@type":"BreadcrumbList","@id":"https:\/\/stellarwebcraft.com\/?product=894#breadcrumb","itemListElement":[{"@type":"ListItem","position":1,"name":"Home","item":"https:\/\/stellarwebcraft.com\/"},{"@type":"ListItem","position":2,"name":"Shop","item":"https:\/\/stellarwebcraft.com\/?page_id=1046"},{"@type":"ListItem","position":3,"name":"Sandales rigolotes Ambiance de la plage"}]},{"@type":"WebSite","@id":"https:\/\/stellarwebcraft.com\/#website","url":"https:\/\/stellarwebcraft.com\/","name":"Stellar Webcraft","description":"Surf et sport","publisher":{"@id":"https:\/\/stellarwebcraft.com\/#organization"},"alternateName":"Agence Webflow & Wordpress","potentialAction":[{"@type":"SearchAction","target":{"@type":"EntryPoint","urlTemplate":"https:\/\/stellarwebcraft.com\/?s={search_term_string}"},"query-input":{"@type":"PropertyValueSpecification","valueRequired":true,"valueName":"search_term_string"}}],"inLanguage":"fr-FR"},{"@type":"Organization","@id":"https:\/\/stellarwebcraft.com\/#organization","name":"Stellar webcraft","alternateName":"Agence Webflow & Wordpress","url":"https:\/\/stellarwebcraft.com\/","logo":{"@type":"ImageObject","inLanguage":"fr-FR","@id":"https:\/\/stellarwebcraft.com\/#\/schema\/logo\/image\/","url":"https:\/\/stellarwebcraft.com\/wp-content\/uploads\/2025\/12\/Fond-Web-stellar-version-stellar.png","contentUrl":"https:\/\/stellarwebcraft.com\/wp-content\/uploads\/2025\/12\/Fond-Web-stellar-version-stellar.png","width":500,"height":500,"caption":"Stellar webcraft"},"image":{"@id":"https:\/\/stellarwebcraft.com\/#\/schema\/logo\/image\/"},"sameAs":["https:\/\/www.facebook.com\/RealFlightSimulator","https:\/\/mysticstarseeds.fr\/"]}]}},"_links":{"self":[{"href":"https:\/\/stellarwebcraft.com\/index.php?rest_route=\/wp\/v2\/product\/894","targetHints":{"allow":["GET"]}}],"collection":[{"href":"https:\/\/stellarwebcraft.com\/index.php?rest_route=\/wp\/v2\/product"}],"about":[{"href":"https:\/\/stellarwebcraft.com\/index.php?rest_route=\/wp\/v2\/types\/product"}],"replies":[{"embeddable":true,"href":"https:\/\/stellarwebcraft.com\/index.php?rest_route=%2Fwp%2Fv2%2Fcomments&post=894"}],"wp:featuredmedia":[{"embeddable":true,"href":"https:\/\/stellarwebcraft.com\/index.php?rest_route=\/wp\/v2\/media\/896"}],"wp:attachment":[{"href":"https:\/\/stellarwebcraft.com\/index.php?rest_route=%2Fwp%2Fv2%2Fmedia&parent=894"}],"wp:term":[{"taxonomy":"product_brand","embeddable":true,"href":"https:\/\/stellarwebcraft.com\/index.php?rest_route=%2Fwp%2Fv2%2Fproduct_brand&post=894"},{"taxonomy":"product_cat","embeddable":true,"href":"https:\/\/stellarwebcraft.com\/index.php?rest_route=%2Fwp%2Fv2%2Fproduct_cat&post=894"},{"taxonomy":"product_tag","embeddable":true,"href":"https:\/\/stellarwebcraft.com\/index.php?rest_route=%2Fwp%2Fv2%2Fproduct_tag&post=894"}],"curies":[{"name":"wp","href":"https:\/\/api.w.org\/{rel}","templated":true}]}}