{"id":383,"date":"2025-11-25T14:36:14","date_gmt":"2025-11-25T14:36:14","guid":{"rendered":"https:\/\/stellarwebcraft.com\/?post_type=product&#038;p=383"},"modified":"2025-11-27T09:30:31","modified_gmt":"2025-11-27T09:30:31","slug":"formation-photoshop","status":"publish","type":"product","link":"https:\/\/stellarwebcraft.com\/?product=formation-photoshop","title":{"rendered":"Formation PhotoShop"},"content":{"rendered":"<p><img fetchpriority=\"high\" decoding=\"async\" class=\"alignnone size-medium wp-image-385\" src=\"https:\/\/stellarwebcraft.com\/wp-content\/uploads\/2025\/11\/7198a1SKjL._AC_SL1500_-300x300.jpg\" alt=\"\" width=\"300\" height=\"300\" srcset=\"https:\/\/stellarwebcraft.com\/wp-content\/uploads\/2025\/11\/7198a1SKjL._AC_SL1500_-300x300.jpg 300w, https:\/\/stellarwebcraft.com\/wp-content\/uploads\/2025\/11\/7198a1SKjL._AC_SL1500_-350x350.jpg 350w, https:\/\/stellarwebcraft.com\/wp-content\/uploads\/2025\/11\/7198a1SKjL._AC_SL1500_-100x100.jpg 100w, https:\/\/stellarwebcraft.com\/wp-content\/uploads\/2025\/11\/7198a1SKjL._AC_SL1500_-600x600.jpg 600w, https:\/\/stellarwebcraft.com\/wp-content\/uploads\/2025\/11\/7198a1SKjL._AC_SL1500_-1024x1024.jpg 1024w, https:\/\/stellarwebcraft.com\/wp-content\/uploads\/2025\/11\/7198a1SKjL._AC_SL1500_-150x150.jpg 150w, https:\/\/stellarwebcraft.com\/wp-content\/uploads\/2025\/11\/7198a1SKjL._AC_SL1500_-768x768.jpg 768w, https:\/\/stellarwebcraft.com\/wp-content\/uploads\/2025\/11\/7198a1SKjL._AC_SL1500_-1200x1200.jpg 1200w, https:\/\/stellarwebcraft.com\/wp-content\/uploads\/2025\/11\/7198a1SKjL._AC_SL1500_.jpg 1500w\" sizes=\"(max-width: 300px) 100vw, 300px\" \/><img decoding=\"async\" class=\"alignnone size-medium wp-image-19\" src=\"https:\/\/stellarwebcraft.com\/wp-content\/uploads\/2025\/11\/cropped-BlueGPT-AI-Generated-Image-300x171.png\" alt=\"Bandeau 1 Stellar Webcraft\" width=\"300\" height=\"171\" srcset=\"https:\/\/stellarwebcraft.com\/wp-content\/uploads\/2025\/11\/cropped-BlueGPT-AI-Generated-Image-300x171.png 300w, https:\/\/stellarwebcraft.com\/wp-content\/uploads\/2025\/11\/cropped-BlueGPT-AI-Generated-Image-350x200.png 350w, https:\/\/stellarwebcraft.com\/wp-content\/uploads\/2025\/11\/cropped-BlueGPT-AI-Generated-Image-600x342.png 600w, https:\/\/stellarwebcraft.com\/wp-content\/uploads\/2025\/11\/cropped-BlueGPT-AI-Generated-Image-1024x584.png 1024w, https:\/\/stellarwebcraft.com\/wp-content\/uploads\/2025\/11\/cropped-BlueGPT-AI-Generated-Image-768x438.png 768w, https:\/\/stellarwebcraft.com\/wp-content\/uploads\/2025\/11\/cropped-BlueGPT-AI-Generated-Image.png 1342w\" sizes=\"(max-width: 300px) 100vw, 300px\" \/><\/p>\n","protected":false},"excerpt":{"rendered":"<p>Formation Photoshop, d\u00e9butant \u00e0 avanc\u00e9, ateliers cr\u00e9atifs<\/p>\n","protected":false},"featured_media":385,"comment_status":"open","ping_status":"closed","template":"","meta":{"_crdt_document":""},"product_brand":[],"product_cat":[25,24,26],"product_tag":[],"class_list":{"0":"post-383","1":"product","2":"type-product","3":"status-publish","4":"has-post-thumbnail","6":"product_cat-debutant","7":"product_cat-photoshop","8":"product_cat-retouche-photo","10":"first","11":"instock","12":"shipping-taxable","13":"product-type-external"},"yoast_head":"<!-- This site is optimized with the Yoast SEO plugin v27.4 - https:\/\/yoast.com\/product\/yoast-seo-wordpress\/ -->\n<title>Formation PhotoShop -<\/title>\n<meta name=\"description\" content=\"Cours photoshop pour d\u00e9butant.\" \/>\n<meta name=\"robots\" content=\"index, follow, max-snippet:-1, max-image-preview:large, max-video-preview:-1\" \/>\n<link rel=\"canonical\" href=\"https:\/\/stellarwebcraft.com\/?product=formation-photoshop\" \/>\n<meta property=\"og:locale\" content=\"fr_FR\" \/>\n<meta property=\"og:type\" content=\"article\" \/>\n<meta property=\"og:title\" content=\"Formation PhotoShop -\" \/>\n<meta property=\"og:description\" content=\"Cours photoshop pour d\u00e9butant.\" \/>\n<meta property=\"og:url\" content=\"https:\/\/stellarwebcraft.com\/?product=formation-photoshop\" \/>\n<meta property=\"article:publisher\" content=\"https:\/\/www.facebook.com\/RealFlightSimulator\" \/>\n<meta property=\"article:modified_time\" content=\"2025-11-27T09:30:31+00:00\" \/>\n<meta property=\"og:image\" content=\"https:\/\/stellarwebcraft.com\/wp-content\/uploads\/2025\/11\/7198a1SKjL._AC_SL1500_.jpg\" \/>\n\t<meta property=\"og:image:width\" content=\"1500\" \/>\n\t<meta property=\"og:image:height\" content=\"1500\" \/>\n\t<meta property=\"og:image:type\" content=\"image\/jpeg\" \/>\n<meta name=\"twitter:card\" content=\"summary_large_image\" \/>\n<meta name=\"twitter:label1\" content=\"Dur\u00e9e de lecture estim\u00e9e\" \/>\n\t<meta name=\"twitter:data1\" content=\"1 minute\" \/>\n<script type=\"application\/ld+json\" class=\"yoast-schema-graph\">{\"@context\":\"https:\\\/\\\/schema.org\",\"@graph\":[{\"@type\":\"WebPage\",\"@id\":\"https:\\\/\\\/stellarwebcraft.com\\\/?product=formation-photoshop\",\"url\":\"https:\\\/\\\/stellarwebcraft.com\\\/?product=formation-photoshop\",\"name\":\"Formation PhotoShop -\",\"isPartOf\":{\"@id\":\"https:\\\/\\\/stellarwebcraft.com\\\/#website\"},\"primaryImageOfPage\":{\"@id\":\"https:\\\/\\\/stellarwebcraft.com\\\/?product=formation-photoshop#primaryimage\"},\"image\":{\"@id\":\"https:\\\/\\\/stellarwebcraft.com\\\/?product=formation-photoshop#primaryimage\"},\"thumbnailUrl\":\"https:\\\/\\\/stellarwebcraft.com\\\/wp-content\\\/uploads\\\/2025\\\/11\\\/7198a1SKjL._AC_SL1500_.jpg\",\"datePublished\":\"2025-11-25T14:36:14+00:00\",\"dateModified\":\"2025-11-27T09:30:31+00:00\",\"description\":\"Cours photoshop pour d\u00e9butant.\",\"breadcrumb\":{\"@id\":\"https:\\\/\\\/stellarwebcraft.com\\\/?product=formation-photoshop#breadcrumb\"},\"inLanguage\":\"fr-FR\",\"potentialAction\":[{\"@type\":\"ReadAction\",\"target\":[\"https:\\\/\\\/stellarwebcraft.com\\\/?product=formation-photoshop\"]}]},{\"@type\":\"ImageObject\",\"inLanguage\":\"fr-FR\",\"@id\":\"https:\\\/\\\/stellarwebcraft.com\\\/?product=formation-photoshop#primaryimage\",\"url\":\"https:\\\/\\\/stellarwebcraft.com\\\/wp-content\\\/uploads\\\/2025\\\/11\\\/7198a1SKjL._AC_SL1500_.jpg\",\"contentUrl\":\"https:\\\/\\\/stellarwebcraft.com\\\/wp-content\\\/uploads\\\/2025\\\/11\\\/7198a1SKjL._AC_SL1500_.jpg\",\"width\":1500,\"height\":1500},{\"@type\":\"BreadcrumbList\",\"@id\":\"https:\\\/\\\/stellarwebcraft.com\\\/?product=formation-photoshop#breadcrumb\",\"itemListElement\":[{\"@type\":\"ListItem\",\"position\":1,\"name\":\"Home\",\"item\":\"https:\\\/\\\/stellarwebcraft.com\\\/\"},{\"@type\":\"ListItem\",\"position\":2,\"name\":\"Shop\",\"item\":\"https:\\\/\\\/stellarwebcraft.com\\\/?page_id=1046\"},{\"@type\":\"ListItem\",\"position\":3,\"name\":\"Formation PhotoShop\"}]},{\"@type\":\"WebSite\",\"@id\":\"https:\\\/\\\/stellarwebcraft.com\\\/#website\",\"url\":\"https:\\\/\\\/stellarwebcraft.com\\\/\",\"name\":\"Stellar Webcraft\",\"description\":\"Surf et sport\",\"publisher\":{\"@id\":\"https:\\\/\\\/stellarwebcraft.com\\\/#organization\"},\"alternateName\":\"Agence Webflow & Wordpress\",\"potentialAction\":[{\"@type\":\"SearchAction\",\"target\":{\"@type\":\"EntryPoint\",\"urlTemplate\":\"https:\\\/\\\/stellarwebcraft.com\\\/?s={search_term_string}\"},\"query-input\":{\"@type\":\"PropertyValueSpecification\",\"valueRequired\":true,\"valueName\":\"search_term_string\"}}],\"inLanguage\":\"fr-FR\"},{\"@type\":\"Organization\",\"@id\":\"https:\\\/\\\/stellarwebcraft.com\\\/#organization\",\"name\":\"Stellar webcraft\",\"alternateName\":\"Agence Webflow & Wordpress\",\"url\":\"https:\\\/\\\/stellarwebcraft.com\\\/\",\"logo\":{\"@type\":\"ImageObject\",\"inLanguage\":\"fr-FR\",\"@id\":\"https:\\\/\\\/stellarwebcraft.com\\\/#\\\/schema\\\/logo\\\/image\\\/\",\"url\":\"https:\\\/\\\/stellarwebcraft.com\\\/wp-content\\\/uploads\\\/2025\\\/12\\\/Fond-Web-stellar-version-stellar.png\",\"contentUrl\":\"https:\\\/\\\/stellarwebcraft.com\\\/wp-content\\\/uploads\\\/2025\\\/12\\\/Fond-Web-stellar-version-stellar.png\",\"width\":500,\"height\":500,\"caption\":\"Stellar webcraft\"},\"image\":{\"@id\":\"https:\\\/\\\/stellarwebcraft.com\\\/#\\\/schema\\\/logo\\\/image\\\/\"},\"sameAs\":[\"https:\\\/\\\/www.facebook.com\\\/RealFlightSimulator\",\"https:\\\/\\\/mysticstarseeds.fr\\\/\"]}]}<\/script>\n<!-- \/ Yoast SEO plugin. -->","yoast_head_json":{"title":"Formation PhotoShop -","description":"Cours photoshop pour d\u00e9butant.","robots":{"index":"index","follow":"follow","max-snippet":"max-snippet:-1","max-image-preview":"max-image-preview:large","max-video-preview":"max-video-preview:-1"},"canonical":"https:\/\/stellarwebcraft.com\/?product=formation-photoshop","og_locale":"fr_FR","og_type":"article","og_title":"Formation PhotoShop -","og_description":"Cours photoshop pour d\u00e9butant.","og_url":"https:\/\/stellarwebcraft.com\/?product=formation-photoshop","article_publisher":"https:\/\/www.facebook.com\/RealFlightSimulator","article_modified_time":"2025-11-27T09:30:31+00:00","og_image":[{"width":1500,"height":1500,"url":"https:\/\/stellarwebcraft.com\/wp-content\/uploads\/2025\/11\/7198a1SKjL._AC_SL1500_.jpg","type":"image\/jpeg"}],"twitter_card":"summary_large_image","twitter_misc":{"Dur\u00e9e de lecture estim\u00e9e":"1 minute"},"schema":{"@context":"https:\/\/schema.org","@graph":[{"@type":"WebPage","@id":"https:\/\/stellarwebcraft.com\/?product=formation-photoshop","url":"https:\/\/stellarwebcraft.com\/?product=formation-photoshop","name":"Formation PhotoShop -","isPartOf":{"@id":"https:\/\/stellarwebcraft.com\/#website"},"primaryImageOfPage":{"@id":"https:\/\/stellarwebcraft.com\/?product=formation-photoshop#primaryimage"},"image":{"@id":"https:\/\/stellarwebcraft.com\/?product=formation-photoshop#primaryimage"},"thumbnailUrl":"https:\/\/stellarwebcraft.com\/wp-content\/uploads\/2025\/11\/7198a1SKjL._AC_SL1500_.jpg","datePublished":"2025-11-25T14:36:14+00:00","dateModified":"2025-11-27T09:30:31+00:00","description":"Cours photoshop pour d\u00e9butant.","breadcrumb":{"@id":"https:\/\/stellarwebcraft.com\/?product=formation-photoshop#breadcrumb"},"inLanguage":"fr-FR","potentialAction":[{"@type":"ReadAction","target":["https:\/\/stellarwebcraft.com\/?product=formation-photoshop"]}]},{"@type":"ImageObject","inLanguage":"fr-FR","@id":"https:\/\/stellarwebcraft.com\/?product=formation-photoshop#primaryimage","url":"https:\/\/stellarwebcraft.com\/wp-content\/uploads\/2025\/11\/7198a1SKjL._AC_SL1500_.jpg","contentUrl":"https:\/\/stellarwebcraft.com\/wp-content\/uploads\/2025\/11\/7198a1SKjL._AC_SL1500_.jpg","width":1500,"height":1500},{"@type":"BreadcrumbList","@id":"https:\/\/stellarwebcraft.com\/?product=formation-photoshop#breadcrumb","itemListElement":[{"@type":"ListItem","position":1,"name":"Home","item":"https:\/\/stellarwebcraft.com\/"},{"@type":"ListItem","position":2,"name":"Shop","item":"https:\/\/stellarwebcraft.com\/?page_id=1046"},{"@type":"ListItem","position":3,"name":"Formation PhotoShop"}]},{"@type":"WebSite","@id":"https:\/\/stellarwebcraft.com\/#website","url":"https:\/\/stellarwebcraft.com\/","name":"Stellar Webcraft","description":"Surf et sport","publisher":{"@id":"https:\/\/stellarwebcraft.com\/#organization"},"alternateName":"Agence Webflow & Wordpress","potentialAction":[{"@type":"SearchAction","target":{"@type":"EntryPoint","urlTemplate":"https:\/\/stellarwebcraft.com\/?s={search_term_string}"},"query-input":{"@type":"PropertyValueSpecification","valueRequired":true,"valueName":"search_term_string"}}],"inLanguage":"fr-FR"},{"@type":"Organization","@id":"https:\/\/stellarwebcraft.com\/#organization","name":"Stellar webcraft","alternateName":"Agence Webflow & Wordpress","url":"https:\/\/stellarwebcraft.com\/","logo":{"@type":"ImageObject","inLanguage":"fr-FR","@id":"https:\/\/stellarwebcraft.com\/#\/schema\/logo\/image\/","url":"https:\/\/stellarwebcraft.com\/wp-content\/uploads\/2025\/12\/Fond-Web-stellar-version-stellar.png","contentUrl":"https:\/\/stellarwebcraft.com\/wp-content\/uploads\/2025\/12\/Fond-Web-stellar-version-stellar.png","width":500,"height":500,"caption":"Stellar webcraft"},"image":{"@id":"https:\/\/stellarwebcraft.com\/#\/schema\/logo\/image\/"},"sameAs":["https:\/\/www.facebook.com\/RealFlightSimulator","https:\/\/mysticstarseeds.fr\/"]}]}},"_links":{"self":[{"href":"https:\/\/stellarwebcraft.com\/index.php?rest_route=\/wp\/v2\/product\/383","targetHints":{"allow":["GET"]}}],"collection":[{"href":"https:\/\/stellarwebcraft.com\/index.php?rest_route=\/wp\/v2\/product"}],"about":[{"href":"https:\/\/stellarwebcraft.com\/index.php?rest_route=\/wp\/v2\/types\/product"}],"replies":[{"embeddable":true,"href":"https:\/\/stellarwebcraft.com\/index.php?rest_route=%2Fwp%2Fv2%2Fcomments&post=383"}],"wp:featuredmedia":[{"embeddable":true,"href":"https:\/\/stellarwebcraft.com\/index.php?rest_route=\/wp\/v2\/media\/385"}],"wp:attachment":[{"href":"https:\/\/stellarwebcraft.com\/index.php?rest_route=%2Fwp%2Fv2%2Fmedia&parent=383"}],"wp:term":[{"taxonomy":"product_brand","embeddable":true,"href":"https:\/\/stellarwebcraft.com\/index.php?rest_route=%2Fwp%2Fv2%2Fproduct_brand&post=383"},{"taxonomy":"product_cat","embeddable":true,"href":"https:\/\/stellarwebcraft.com\/index.php?rest_route=%2Fwp%2Fv2%2Fproduct_cat&post=383"},{"taxonomy":"product_tag","embeddable":true,"href":"https:\/\/stellarwebcraft.com\/index.php?rest_route=%2Fwp%2Fv2%2Fproduct_tag&post=383"}],"curies":[{"name":"wp","href":"https:\/\/api.w.org\/{rel}","templated":true}]}}