{"id":81,"date":"2025-11-17T15:22:18","date_gmt":"2025-11-17T15:22:18","guid":{"rendered":"https:\/\/stellarwebcraft.com\/?page_id=81"},"modified":"2025-11-17T16:16:34","modified_gmt":"2025-11-17T16:16:34","slug":"jadore-la-montagne-teste","status":"publish","type":"page","link":"https:\/\/stellarwebcraft.com\/?page_id=81","title":{"rendered":"J&rsquo;adore la montagne teste"},"content":{"rendered":"\n<div class=\"wp-block-columns is-layout-flex wp-container-core-columns-is-layout-8f761849 wp-block-columns-is-layout-flex\">\n<div class=\"wp-block-column is-layout-flow wp-block-column-is-layout-flow\">\n<h2 class=\"wp-block-heading\" id=\"we-re-a-studio-in-berlin-with-an-international-practice-in-architecture-urban-planning-and-interior-design-we-believe-in-sharing-knowledge-and-promoting-dialogue-to-increase-the-creative-potential-of-collaboration\" style=\"font-size:48px;line-height:1.1\">LA MONTAGNE EN GRAND<\/h2>\n\n\n\n<h4 class=\"wp-block-heading\" style=\"font-size:22px\">Venez d\u00e9couvrir les joies de la montagne<\/h4>\n\n\n\n<p class=\"wp-block-paragraph\" style=\"font-size:11px\"><em>Le <strong>Lorem Ipsum<\/strong> est simplement du faux texte employ\u00e9 dans la composition et la mise en page avant impression. Le Lorem Ipsum est le faux texte standard de l&rsquo;imprimerie depuis les ann\u00e9es 1500, quand un imprimeur anonyme assembla ensemble des morceaux de texte pour r\u00e9aliser un livre sp\u00e9cimen de polices de texte. Il n&rsquo;a pas fait que survivre cinq si\u00e8cles, mais s&rsquo;est aussi adapt\u00e9 \u00e0 la bureautique informatique, sans que son contenu n&rsquo;en soit modifi\u00e9. Il a \u00e9t\u00e9 popularis\u00e9 dans les ann\u00e9es 1960 gr\u00e2ce \u00e0 la vente de feuilles Letraset contenant des passages du Lorem Ipsum, et, plus r\u00e9cemment, par son inclusion dans des applications de mise en page de texte, comme Aldus PageMaker.<\/em><\/p>\n<\/div>\n\n\n\n<div class=\"wp-block-column is-vertically-aligned-center is-layout-flow wp-block-column-is-layout-flow\">\n<figure class=\"wp-block-image size-full\"><img fetchpriority=\"high\" decoding=\"async\" width=\"1000\" height=\"1000\" src=\"https:\/\/stellarwebcraft.com\/wp-content\/uploads\/2025\/11\/image1-CERCLE.png\" alt=\"\" class=\"wp-image-83\" srcset=\"https:\/\/stellarwebcraft.com\/wp-content\/uploads\/2025\/11\/image1-CERCLE.png 1000w, https:\/\/stellarwebcraft.com\/wp-content\/uploads\/2025\/11\/image1-CERCLE-350x350.png 350w, https:\/\/stellarwebcraft.com\/wp-content\/uploads\/2025\/11\/image1-CERCLE-100x100.png 100w, https:\/\/stellarwebcraft.com\/wp-content\/uploads\/2025\/11\/image1-CERCLE-600x600.png 600w, https:\/\/stellarwebcraft.com\/wp-content\/uploads\/2025\/11\/image1-CERCLE-300x300.png 300w, https:\/\/stellarwebcraft.com\/wp-content\/uploads\/2025\/11\/image1-CERCLE-150x150.png 150w, https:\/\/stellarwebcraft.com\/wp-content\/uploads\/2025\/11\/image1-CERCLE-768x768.png 768w\" sizes=\"(max-width: 1000px) 100vw, 1000px\" \/><\/figure>\n<\/div>\n<\/div>\n\n\n\n<div class=\"wp-block-group\"><div class=\"wp-block-group__inner-container is-layout-constrained wp-block-group-is-layout-constrained\">\n<div class=\"wp-block-columns is-layout-flex wp-container-core-columns-is-layout-8f761849 wp-block-columns-is-layout-flex\">\n<div class=\"wp-block-column is-layout-flow wp-block-column-is-layout-flow\">\n<figure class=\"wp-block-gallery has-nested-images columns-default is-cropped wp-block-gallery-1 is-layout-flex wp-block-gallery-is-layout-flex\">\n<figure class=\"wp-block-image size-large\"><img decoding=\"async\" width=\"1024\" height=\"683\" data-id=\"100\" src=\"https:\/\/stellarwebcraft.com\/wp-content\/uploads\/2025\/11\/01-1024x683.jpg\" alt=\"\" class=\"wp-image-100\" srcset=\"https:\/\/stellarwebcraft.com\/wp-content\/uploads\/2025\/11\/01-1024x683.jpg 1024w, https:\/\/stellarwebcraft.com\/wp-content\/uploads\/2025\/11\/01-350x233.jpg 350w, https:\/\/stellarwebcraft.com\/wp-content\/uploads\/2025\/11\/01-600x400.jpg 600w, https:\/\/stellarwebcraft.com\/wp-content\/uploads\/2025\/11\/01-300x200.jpg 300w, https:\/\/stellarwebcraft.com\/wp-content\/uploads\/2025\/11\/01-768x512.jpg 768w, https:\/\/stellarwebcraft.com\/wp-content\/uploads\/2025\/11\/01.jpg 1080w\" sizes=\"(max-width: 1024px) 100vw, 1024px\" \/><\/figure>\n\n\n\n<figure class=\"wp-block-image size-large\"><img decoding=\"async\" width=\"810\" height=\"608\" data-id=\"101\" src=\"https:\/\/stellarwebcraft.com\/wp-content\/uploads\/2025\/11\/02.jpg\" alt=\"\" class=\"wp-image-101\" srcset=\"https:\/\/stellarwebcraft.com\/wp-content\/uploads\/2025\/11\/02.jpg 810w, https:\/\/stellarwebcraft.com\/wp-content\/uploads\/2025\/11\/02-350x263.jpg 350w, https:\/\/stellarwebcraft.com\/wp-content\/uploads\/2025\/11\/02-600x450.jpg 600w, https:\/\/stellarwebcraft.com\/wp-content\/uploads\/2025\/11\/02-300x225.jpg 300w, https:\/\/stellarwebcraft.com\/wp-content\/uploads\/2025\/11\/02-768x576.jpg 768w\" sizes=\"(max-width: 810px) 100vw, 810px\" \/><\/figure>\n\n\n\n<figure class=\"wp-block-image size-large\"><img loading=\"lazy\" decoding=\"async\" width=\"259\" height=\"194\" data-id=\"98\" src=\"https:\/\/stellarwebcraft.com\/wp-content\/uploads\/2025\/11\/03.jpeg\" alt=\"\" class=\"wp-image-98\"\/><\/figure>\n\n\n\n<figure class=\"wp-block-image size-large\"><img loading=\"lazy\" decoding=\"async\" width=\"499\" height=\"361\" data-id=\"102\" src=\"https:\/\/stellarwebcraft.com\/wp-content\/uploads\/2025\/11\/04.jpg\" alt=\"\" class=\"wp-image-102\" srcset=\"https:\/\/stellarwebcraft.com\/wp-content\/uploads\/2025\/11\/04.jpg 499w, https:\/\/stellarwebcraft.com\/wp-content\/uploads\/2025\/11\/04-350x253.jpg 350w, https:\/\/stellarwebcraft.com\/wp-content\/uploads\/2025\/11\/04-300x217.jpg 300w\" sizes=\"(max-width: 499px) 100vw, 499px\" \/><\/figure>\n\n\n\n<figure class=\"wp-block-image size-large\"><img loading=\"lazy\" decoding=\"async\" width=\"300\" height=\"168\" data-id=\"99\" src=\"https:\/\/stellarwebcraft.com\/wp-content\/uploads\/2025\/11\/05.jpeg\" alt=\"\" class=\"wp-image-99\"\/><\/figure>\n<\/figure>\n<\/div>\n\n\n\n<div class=\"wp-block-column is-layout-flow wp-block-column-is-layout-flow\">\n<h2 class=\"wp-block-heading\" style=\"font-size:48px\">LA MONTAGNE EN GRAND<\/h2>\n\n\n\n<p class=\"wp-block-paragraph\" style=\"font-size:15px\"><strong>Envie de vous \u00e9vader, c&rsquo;est par ici&#8230;<\/strong><\/p>\n\n\n\n<p class=\"wp-block-paragraph\" style=\"font-size:12px\"><em>Le <strong>Lorem Ipsum<\/strong> est simplement du faux texte employ\u00e9 dans la composition et la mise en page avant impression. Le Lorem Ipsum est le faux texte standard de l&rsquo;imprimerie depuis les ann\u00e9es 1500, quand un imprimeur anonyme assembla ensemble des morceaux de texte pour r\u00e9aliser un livre sp\u00e9cimen de polices de texte. Il n&rsquo;a pas fait que survivre cinq si\u00e8cles, mais s&rsquo;est aussi adapt\u00e9 \u00e0 la bureautique informatique, sans que son contenu n&rsquo;en soit modifi\u00e9. Il a \u00e9t\u00e9 popularis\u00e9 dans les ann\u00e9es 1960 gr\u00e2ce \u00e0 la vente de feuilles Letraset contenant des passages du Lorem Ipsum, et, plus r\u00e9cemment, par son inclusion dans des applications de mise en page de texte, comme Aldus PageMaker.<\/em><\/p>\n<\/div>\n<\/div>\n<\/div><\/div>\n\n\n\n<div class=\"wp-block-buttons is-content-justification-right is-layout-flex wp-container-core-buttons-is-layout-89b4c9e9 wp-block-buttons-is-layout-flex\">\n<div class=\"wp-block-button\"><a class=\"wp-block-button__link has-background-color has-text-color has-background has-link-color wp-element-button\" style=\"background-color:#02b3ff\">D\u00e9couvrir nos offres<\/a><\/div>\n<\/div>\n\n\n\n<p class=\"wp-block-paragraph\"><\/p>\n\n\n\n<div class=\"wp-block-cover alignfull is-light has-parallax\"><div class=\"wp-block-cover__image-background wp-image-119 size-large has-parallax\" style=\"background-position:50% 50%;background-image:url(https:\/\/stellarwebcraft.com\/wp-content\/uploads\/2025\/11\/BANNIERE-1024x308.jpg)\"><\/div><span aria-hidden=\"true\" class=\"wp-block-cover__background has-background-dim\" style=\"background-color:#9d9eab\"><\/span><div class=\"wp-block-cover__inner-container is-layout-constrained wp-block-cover-is-layout-constrained\">\n<h1 class=\"wp-block-heading has-text-align-center has-background-color has-text-color has-link-color wp-elements-1981c281fc064a8b199709dc78f3be46\" style=\"font-size:32px\"><strong>D\u00c9COUVRIR L&rsquo;ITALIE &#8211; Randonn\u00e9e ETNA<\/strong><\/h1>\n<\/div><\/div>\n\n\n\n<div class=\"wp-block-columns is-layout-flex wp-container-core-columns-is-layout-8f761849 wp-block-columns-is-layout-flex\">\n<div class=\"wp-block-column is-layout-flow wp-block-column-is-layout-flow\">\n<figure class=\"wp-block-image size-full is-resized is-style-rounded\"><img loading=\"lazy\" decoding=\"async\" width=\"358\" height=\"358\" src=\"https:\/\/stellarwebcraft.com\/wp-content\/uploads\/2025\/11\/derniere-image-1.png\" alt=\"\" class=\"wp-image-133\" style=\"object-fit:cover;width:478px;height:478px\" srcset=\"https:\/\/stellarwebcraft.com\/wp-content\/uploads\/2025\/11\/derniere-image-1.png 358w, https:\/\/stellarwebcraft.com\/wp-content\/uploads\/2025\/11\/derniere-image-1-350x350.png 350w, https:\/\/stellarwebcraft.com\/wp-content\/uploads\/2025\/11\/derniere-image-1-100x100.png 100w, https:\/\/stellarwebcraft.com\/wp-content\/uploads\/2025\/11\/derniere-image-1-300x300.png 300w, https:\/\/stellarwebcraft.com\/wp-content\/uploads\/2025\/11\/derniere-image-1-150x150.png 150w\" sizes=\"(max-width: 358px) 100vw, 358px\" \/><\/figure>\n<\/div>\n\n\n\n<div class=\"wp-block-column is-vertically-aligned-center is-layout-flow wp-block-column-is-layout-flow\">\n<h1 class=\"wp-block-heading alignfull has-text-align-center\" style=\"font-size:35px\">\u00c9VADEZ-VOUS !<\/h1>\n<\/div>\n<\/div>\n\n\n\n<p class=\"wp-block-paragraph\"><\/p>\n","protected":false},"excerpt":{"rendered":"<p>LA MONTAGNE EN GRAND Venez d\u00e9couvrir les joies de la montagne Le Lorem Ipsum est simplement du faux texte employ\u00e9 dans la composition et la mise en page avant impression. Le Lorem Ipsum est le faux texte standard de l&rsquo;imprimerie depuis les ann\u00e9es 1500, quand un imprimeur anonyme assembla ensemble des morceaux de texte pour r\u00e9aliser un livre sp\u00e9cimen de polices de texte. Il n&rsquo;a pas fait que survivre cinq si\u00e8cles, mais s&rsquo;est aussi adapt\u00e9 \u00e0 la bureautique informatique, sans que son contenu n&rsquo;en soit modifi\u00e9. Il a \u00e9t\u00e9 popularis\u00e9 dans les ann\u00e9es 1960 gr\u00e2ce \u00e0 la vente de feuilles Letraset<a href=\"https:\/\/stellarwebcraft.com\/?page_id=81\" class=\"more-link\"><span class=\"screen-reader-text\"> \u00ab\u00a0J&rsquo;adore la montagne teste\u00a0\u00bb<\/span><\/a><\/p>\n","protected":false},"author":1,"featured_media":0,"parent":0,"menu_order":0,"comment_status":"closed","ping_status":"closed","template":"","meta":{"_crdt_document":"","footnotes":""},"class_list":["post-81","page","type-page","status-publish","hentry"],"yoast_head":"<!-- This site is optimized with the Yoast SEO plugin v27.4 - https:\/\/yoast.com\/product\/yoast-seo-wordpress\/ -->\n<title>J&#039;adore la montagne teste -<\/title>\n<meta name=\"robots\" content=\"index, follow, max-snippet:-1, max-image-preview:large, max-video-preview:-1\" \/>\n<link rel=\"canonical\" href=\"https:\/\/stellarwebcraft.com\/?page_id=81\" \/>\n<meta property=\"og:locale\" content=\"fr_FR\" \/>\n<meta property=\"og:type\" content=\"article\" \/>\n<meta property=\"og:title\" content=\"J&#039;adore la montagne teste -\" \/>\n<meta property=\"og:description\" content=\"LA MONTAGNE EN GRAND Venez d\u00e9couvrir les joies de la montagne Le Lorem Ipsum est simplement du faux texte employ\u00e9 dans la composition et la mise en page avant impression. Le Lorem Ipsum est le faux texte standard de l&rsquo;imprimerie depuis les ann\u00e9es 1500, quand un imprimeur anonyme assembla ensemble des morceaux de texte pour r\u00e9aliser un livre sp\u00e9cimen de polices de texte. Il n&rsquo;a pas fait que survivre cinq si\u00e8cles, mais s&rsquo;est aussi adapt\u00e9 \u00e0 la bureautique informatique, sans que son contenu n&rsquo;en soit modifi\u00e9. Il a \u00e9t\u00e9 popularis\u00e9 dans les ann\u00e9es 1960 gr\u00e2ce \u00e0 la vente de feuilles Letraset &quot;J&rsquo;adore la montagne teste&quot;\" \/>\n<meta property=\"og:url\" content=\"https:\/\/stellarwebcraft.com\/?page_id=81\" \/>\n<meta property=\"article:publisher\" content=\"https:\/\/www.facebook.com\/RealFlightSimulator\" \/>\n<meta property=\"article:modified_time\" content=\"2025-11-17T16:16:34+00:00\" \/>\n<meta property=\"og:image\" content=\"https:\/\/stellarwebcraft.com\/wp-content\/uploads\/2025\/11\/image1-CERCLE.png\" \/>\n\t<meta property=\"og:image:width\" content=\"1000\" \/>\n\t<meta property=\"og:image:height\" content=\"1000\" \/>\n\t<meta property=\"og:image:type\" content=\"image\/png\" \/>\n<meta name=\"twitter:card\" content=\"summary_large_image\" \/>\n<meta name=\"twitter:label1\" content=\"Dur\u00e9e de lecture estim\u00e9e\" \/>\n\t<meta name=\"twitter:data1\" content=\"1 minute\" \/>\n<script type=\"application\/ld+json\" class=\"yoast-schema-graph\">{\"@context\":\"https:\\\/\\\/schema.org\",\"@graph\":[{\"@type\":\"WebPage\",\"@id\":\"https:\\\/\\\/stellarwebcraft.com\\\/?page_id=81\",\"url\":\"https:\\\/\\\/stellarwebcraft.com\\\/?page_id=81\",\"name\":\"J'adore la montagne teste -\",\"isPartOf\":{\"@id\":\"https:\\\/\\\/stellarwebcraft.com\\\/#website\"},\"primaryImageOfPage\":{\"@id\":\"https:\\\/\\\/stellarwebcraft.com\\\/?page_id=81#primaryimage\"},\"image\":{\"@id\":\"https:\\\/\\\/stellarwebcraft.com\\\/?page_id=81#primaryimage\"},\"thumbnailUrl\":\"https:\\\/\\\/stellarwebcraft.com\\\/wp-content\\\/uploads\\\/2025\\\/11\\\/image1-CERCLE.png\",\"datePublished\":\"2025-11-17T15:22:18+00:00\",\"dateModified\":\"2025-11-17T16:16:34+00:00\",\"breadcrumb\":{\"@id\":\"https:\\\/\\\/stellarwebcraft.com\\\/?page_id=81#breadcrumb\"},\"inLanguage\":\"fr-FR\",\"potentialAction\":[{\"@type\":\"ReadAction\",\"target\":[\"https:\\\/\\\/stellarwebcraft.com\\\/?page_id=81\"]}]},{\"@type\":\"ImageObject\",\"inLanguage\":\"fr-FR\",\"@id\":\"https:\\\/\\\/stellarwebcraft.com\\\/?page_id=81#primaryimage\",\"url\":\"https:\\\/\\\/stellarwebcraft.com\\\/wp-content\\\/uploads\\\/2025\\\/11\\\/image1-CERCLE.png\",\"contentUrl\":\"https:\\\/\\\/stellarwebcraft.com\\\/wp-content\\\/uploads\\\/2025\\\/11\\\/image1-CERCLE.png\",\"width\":1000,\"height\":1000},{\"@type\":\"BreadcrumbList\",\"@id\":\"https:\\\/\\\/stellarwebcraft.com\\\/?page_id=81#breadcrumb\",\"itemListElement\":[{\"@type\":\"ListItem\",\"position\":1,\"name\":\"Home\",\"item\":\"https:\\\/\\\/stellarwebcraft.com\\\/\"},{\"@type\":\"ListItem\",\"position\":2,\"name\":\"J&rsquo;adore la montagne teste\"}]},{\"@type\":\"WebSite\",\"@id\":\"https:\\\/\\\/stellarwebcraft.com\\\/#website\",\"url\":\"https:\\\/\\\/stellarwebcraft.com\\\/\",\"name\":\"Stellar Webcraft\",\"description\":\"Surf et sport\",\"publisher\":{\"@id\":\"https:\\\/\\\/stellarwebcraft.com\\\/#organization\"},\"alternateName\":\"Agence Webflow & Wordpress\",\"potentialAction\":[{\"@type\":\"SearchAction\",\"target\":{\"@type\":\"EntryPoint\",\"urlTemplate\":\"https:\\\/\\\/stellarwebcraft.com\\\/?s={search_term_string}\"},\"query-input\":{\"@type\":\"PropertyValueSpecification\",\"valueRequired\":true,\"valueName\":\"search_term_string\"}}],\"inLanguage\":\"fr-FR\"},{\"@type\":\"Organization\",\"@id\":\"https:\\\/\\\/stellarwebcraft.com\\\/#organization\",\"name\":\"Stellar webcraft\",\"alternateName\":\"Agence Webflow & Wordpress\",\"url\":\"https:\\\/\\\/stellarwebcraft.com\\\/\",\"logo\":{\"@type\":\"ImageObject\",\"inLanguage\":\"fr-FR\",\"@id\":\"https:\\\/\\\/stellarwebcraft.com\\\/#\\\/schema\\\/logo\\\/image\\\/\",\"url\":\"https:\\\/\\\/stellarwebcraft.com\\\/wp-content\\\/uploads\\\/2025\\\/12\\\/Fond-Web-stellar-version-stellar.png\",\"contentUrl\":\"https:\\\/\\\/stellarwebcraft.com\\\/wp-content\\\/uploads\\\/2025\\\/12\\\/Fond-Web-stellar-version-stellar.png\",\"width\":500,\"height\":500,\"caption\":\"Stellar webcraft\"},\"image\":{\"@id\":\"https:\\\/\\\/stellarwebcraft.com\\\/#\\\/schema\\\/logo\\\/image\\\/\"},\"sameAs\":[\"https:\\\/\\\/www.facebook.com\\\/RealFlightSimulator\",\"https:\\\/\\\/mysticstarseeds.fr\\\/\"]}]}<\/script>\n<!-- \/ Yoast SEO plugin. -->","yoast_head_json":{"title":"J'adore la montagne teste -","robots":{"index":"index","follow":"follow","max-snippet":"max-snippet:-1","max-image-preview":"max-image-preview:large","max-video-preview":"max-video-preview:-1"},"canonical":"https:\/\/stellarwebcraft.com\/?page_id=81","og_locale":"fr_FR","og_type":"article","og_title":"J'adore la montagne teste -","og_description":"LA MONTAGNE EN GRAND Venez d\u00e9couvrir les joies de la montagne Le Lorem Ipsum est simplement du faux texte employ\u00e9 dans la composition et la mise en page avant impression. Le Lorem Ipsum est le faux texte standard de l&rsquo;imprimerie depuis les ann\u00e9es 1500, quand un imprimeur anonyme assembla ensemble des morceaux de texte pour r\u00e9aliser un livre sp\u00e9cimen de polices de texte. Il n&rsquo;a pas fait que survivre cinq si\u00e8cles, mais s&rsquo;est aussi adapt\u00e9 \u00e0 la bureautique informatique, sans que son contenu n&rsquo;en soit modifi\u00e9. Il a \u00e9t\u00e9 popularis\u00e9 dans les ann\u00e9es 1960 gr\u00e2ce \u00e0 la vente de feuilles Letraset \"J&rsquo;adore la montagne teste\"","og_url":"https:\/\/stellarwebcraft.com\/?page_id=81","article_publisher":"https:\/\/www.facebook.com\/RealFlightSimulator","article_modified_time":"2025-11-17T16:16:34+00:00","og_image":[{"width":1000,"height":1000,"url":"https:\/\/stellarwebcraft.com\/wp-content\/uploads\/2025\/11\/image1-CERCLE.png","type":"image\/png"}],"twitter_card":"summary_large_image","twitter_misc":{"Dur\u00e9e de lecture estim\u00e9e":"1 minute"},"schema":{"@context":"https:\/\/schema.org","@graph":[{"@type":"WebPage","@id":"https:\/\/stellarwebcraft.com\/?page_id=81","url":"https:\/\/stellarwebcraft.com\/?page_id=81","name":"J'adore la montagne teste -","isPartOf":{"@id":"https:\/\/stellarwebcraft.com\/#website"},"primaryImageOfPage":{"@id":"https:\/\/stellarwebcraft.com\/?page_id=81#primaryimage"},"image":{"@id":"https:\/\/stellarwebcraft.com\/?page_id=81#primaryimage"},"thumbnailUrl":"https:\/\/stellarwebcraft.com\/wp-content\/uploads\/2025\/11\/image1-CERCLE.png","datePublished":"2025-11-17T15:22:18+00:00","dateModified":"2025-11-17T16:16:34+00:00","breadcrumb":{"@id":"https:\/\/stellarwebcraft.com\/?page_id=81#breadcrumb"},"inLanguage":"fr-FR","potentialAction":[{"@type":"ReadAction","target":["https:\/\/stellarwebcraft.com\/?page_id=81"]}]},{"@type":"ImageObject","inLanguage":"fr-FR","@id":"https:\/\/stellarwebcraft.com\/?page_id=81#primaryimage","url":"https:\/\/stellarwebcraft.com\/wp-content\/uploads\/2025\/11\/image1-CERCLE.png","contentUrl":"https:\/\/stellarwebcraft.com\/wp-content\/uploads\/2025\/11\/image1-CERCLE.png","width":1000,"height":1000},{"@type":"BreadcrumbList","@id":"https:\/\/stellarwebcraft.com\/?page_id=81#breadcrumb","itemListElement":[{"@type":"ListItem","position":1,"name":"Home","item":"https:\/\/stellarwebcraft.com\/"},{"@type":"ListItem","position":2,"name":"J&rsquo;adore la montagne teste"}]},{"@type":"WebSite","@id":"https:\/\/stellarwebcraft.com\/#website","url":"https:\/\/stellarwebcraft.com\/","name":"Stellar Webcraft","description":"Surf et sport","publisher":{"@id":"https:\/\/stellarwebcraft.com\/#organization"},"alternateName":"Agence Webflow & Wordpress","potentialAction":[{"@type":"SearchAction","target":{"@type":"EntryPoint","urlTemplate":"https:\/\/stellarwebcraft.com\/?s={search_term_string}"},"query-input":{"@type":"PropertyValueSpecification","valueRequired":true,"valueName":"search_term_string"}}],"inLanguage":"fr-FR"},{"@type":"Organization","@id":"https:\/\/stellarwebcraft.com\/#organization","name":"Stellar webcraft","alternateName":"Agence Webflow & Wordpress","url":"https:\/\/stellarwebcraft.com\/","logo":{"@type":"ImageObject","inLanguage":"fr-FR","@id":"https:\/\/stellarwebcraft.com\/#\/schema\/logo\/image\/","url":"https:\/\/stellarwebcraft.com\/wp-content\/uploads\/2025\/12\/Fond-Web-stellar-version-stellar.png","contentUrl":"https:\/\/stellarwebcraft.com\/wp-content\/uploads\/2025\/12\/Fond-Web-stellar-version-stellar.png","width":500,"height":500,"caption":"Stellar webcraft"},"image":{"@id":"https:\/\/stellarwebcraft.com\/#\/schema\/logo\/image\/"},"sameAs":["https:\/\/www.facebook.com\/RealFlightSimulator","https:\/\/mysticstarseeds.fr\/"]}]}},"_hostinger_reach_plugin_has_subscription_block":false,"_hostinger_reach_plugin_is_elementor":false,"_links":{"self":[{"href":"https:\/\/stellarwebcraft.com\/index.php?rest_route=\/wp\/v2\/pages\/81","targetHints":{"allow":["GET"]}}],"collection":[{"href":"https:\/\/stellarwebcraft.com\/index.php?rest_route=\/wp\/v2\/pages"}],"about":[{"href":"https:\/\/stellarwebcraft.com\/index.php?rest_route=\/wp\/v2\/types\/page"}],"author":[{"embeddable":true,"href":"https:\/\/stellarwebcraft.com\/index.php?rest_route=\/wp\/v2\/users\/1"}],"replies":[{"embeddable":true,"href":"https:\/\/stellarwebcraft.com\/index.php?rest_route=%2Fwp%2Fv2%2Fcomments&post=81"}],"version-history":[{"count":45,"href":"https:\/\/stellarwebcraft.com\/index.php?rest_route=\/wp\/v2\/pages\/81\/revisions"}],"predecessor-version":[{"id":143,"href":"https:\/\/stellarwebcraft.com\/index.php?rest_route=\/wp\/v2\/pages\/81\/revisions\/143"}],"wp:attachment":[{"href":"https:\/\/stellarwebcraft.com\/index.php?rest_route=%2Fwp%2Fv2%2Fmedia&parent=81"}],"curies":[{"name":"wp","href":"https:\/\/api.w.org\/{rel}","templated":true}]}}