{"id":377,"date":"2025-11-25T11:54:43","date_gmt":"2025-11-25T11:54:43","guid":{"rendered":"https:\/\/stellarwebcraft.com\/?page_id=377"},"modified":"2025-11-25T12:07:15","modified_gmt":"2025-11-25T12:07:15","slug":"cart","status":"publish","type":"page","link":"https:\/\/stellarwebcraft.com\/?page_id=377","title":{"rendered":"Cart"},"content":{"rendered":"\n<div data-block-name=\"woocommerce\/cart\" class=\"wp-block-woocommerce-cart alignwide is-loading\">\n<div data-block-name=\"woocommerce\/filled-cart-block\" class=\"wp-block-woocommerce-filled-cart-block\">\n<div data-block-name=\"woocommerce\/cart-items-block\" class=\"wp-block-woocommerce-cart-items-block\">\n<div data-block-name=\"woocommerce\/cart-line-items-block\" class=\"wp-block-woocommerce-cart-line-items-block\"><\/div>\n\n\n<\/div>\n\n\n\n\n<div data-block-name=\"woocommerce\/cart-totals-block\" class=\"wp-block-woocommerce-cart-totals-block\">\n<div data-block-name=\"woocommerce\/cart-order-summary-block\" class=\"wp-block-woocommerce-cart-order-summary-block\">\n<div data-block-name=\"woocommerce\/cart-order-summary-heading-block\" class=\"wp-block-woocommerce-cart-order-summary-heading-block\"><\/div><div data-block-name=\"woocommerce\/cart-order-summary-coupon-form-block\" class=\"wp-block-woocommerce-cart-order-summary-coupon-form-block\"><\/div><div data-block-name=\"woocommerce\/cart-order-summary-totals-block\" class=\"wp-block-woocommerce-cart-order-summary-totals-block\">\n<div data-block-name=\"woocommerce\/cart-order-summary-subtotal-block\" class=\"wp-block-woocommerce-cart-order-summary-subtotal-block\"><\/div>\n<div data-block-name=\"woocommerce\/cart-order-summary-discount-block\" class=\"wp-block-woocommerce-cart-order-summary-discount-block\"><\/div>\n<div data-block-name=\"woocommerce\/cart-order-summary-fee-block\" class=\"wp-block-woocommerce-cart-order-summary-fee-block\"><\/div>\n<div data-block-name=\"woocommerce\/cart-order-summary-shipping-block\" class=\"wp-block-woocommerce-cart-order-summary-shipping-block\"><\/div>\n<div data-block-name=\"woocommerce\/cart-order-summary-taxes-block\" class=\"wp-block-woocommerce-cart-order-summary-taxes-block\"><\/div><\/div>\n<\/div>\n\n\n\n<div data-block-name=\"woocommerce\/cart-express-payment-block\" class=\"wp-block-woocommerce-cart-express-payment-block\"><\/div>\n\n\n\n<div data-block-name=\"woocommerce\/proceed-to-checkout-block\" class=\"wp-block-woocommerce-proceed-to-checkout-block\"><\/div>\n<div id=\"ppcp-recaptcha-v2-container\" style=\"margin:20px 0;\"><\/div>\n\n\n<div data-block-name=\"woocommerce\/cart-accepted-payment-methods-block\" class=\"wp-block-woocommerce-cart-accepted-payment-methods-block\"><\/div>\n<\/div>\n<\/div>\n\n\n\n<div data-block-name=\"woocommerce\/empty-cart-block\" class=\"wp-block-woocommerce-empty-cart-block\">\n<h2 class=\"wp-block-heading has-text-align-center with-empty-cart-icon wc-block-cart__empty-cart__title\">Your cart is currently empty!<\/h2>\n\n\n\n<hr class=\"wp-block-separator has-alpha-channel-opacity is-style-dots\"\/>\n\n\n\n<h2 class=\"wp-block-heading has-text-align-center\">New in store<\/h2>\n\n\n<div data-block-name=\"woocommerce\/product-new\" data-columns=\"4\" data-rows=\"1\" class=\"wc-block-grid wp-block-product-new wp-block-woocommerce-product-new wc-block-product-new has-4-columns\"><ul class=\"wc-block-grid__products\"><li class=\"wc-block-grid__product\">\n\t\t\t\t<a href=\"https:\/\/stellarwebcraft.com\/?product=894\" class=\"wc-block-grid__product-link\">\n\t\t\t\t\t\n\t\t\t\t\t<div class=\"wc-block-grid__product-image\"><img fetchpriority=\"high\" decoding=\"async\" width=\"350\" height=\"467\" src=\"https:\/\/stellarwebcraft.com\/wp-content\/uploads\/2026\/01\/Beach_Mood__1_-350x467.jpg\" class=\"attachment-woocommerce_thumbnail size-woocommerce_thumbnail\" alt=\"Sandales rigolotes Ambiance de la plage\" srcset=\"https:\/\/stellarwebcraft.com\/wp-content\/uploads\/2026\/01\/Beach_Mood__1_-350x467.jpg 350w, https:\/\/stellarwebcraft.com\/wp-content\/uploads\/2026\/01\/Beach_Mood__1_-600x800.jpg 600w, https:\/\/stellarwebcraft.com\/wp-content\/uploads\/2026\/01\/Beach_Mood__1_-225x300.jpg 225w, https:\/\/stellarwebcraft.com\/wp-content\/uploads\/2026\/01\/Beach_Mood__1_-768x1024.jpg 768w, https:\/\/stellarwebcraft.com\/wp-content\/uploads\/2026\/01\/Beach_Mood__1_.jpg 1080w\" sizes=\"(max-width: 350px) 100vw, 350px\" \/><\/div>\n\t\t\t\t\t<div class=\"wc-block-grid__product-title\">Sandales rigolotes Ambiance de la plage<\/div>\n\t\t\t\t<\/a>\n\t\t\t\t<div class=\"wc-block-grid__product-price price\"><span class=\"woocommerce-Price-amount amount\">17,99&nbsp;<span class=\"woocommerce-Price-currencySymbol\">&euro;<\/span><\/span><\/div>\n\t\t\t\t\n\t\t\t\t<div class=\"wp-block-button wc-block-grid__product-add-to-cart\"><a href=\"\/index.php?rest_route=%2Fwp%2Fv2%2Fpages%2F377&#038;add-to-cart=894\" aria-label=\"Ajouter au panier\u00a0: &ldquo;Sandales rigolotes Ambiance de la plage&rdquo;\" data-quantity=\"1\" data-product_id=\"894\" data-product_sku=\"\" data-price=\"17.99\" rel=\"nofollow\" class=\"wp-block-button__link  add_to_cart_button ajax_add_to_cart\">Ajouter au panier<\/a><\/div>\n\t\t\t<\/li><li class=\"wc-block-grid__product\">\n\t\t\t\t<a href=\"https:\/\/stellarwebcraft.com\/?product=bottines-elegantes-winterplus\" class=\"wc-block-grid__product-link\">\n\t\t\t\t\t\n\t\t\t\t\t<div class=\"wc-block-grid__product-image\"><img decoding=\"async\" width=\"350\" height=\"351\" src=\"https:\/\/stellarwebcraft.com\/wp-content\/uploads\/2026\/01\/Capture-decran-du-2026-01-20-17-53-45-350x351.png\" class=\"attachment-woocommerce_thumbnail size-woocommerce_thumbnail\" alt=\"Bottines El\u00e9gantes WinterPlus\" srcset=\"https:\/\/stellarwebcraft.com\/wp-content\/uploads\/2026\/01\/Capture-decran-du-2026-01-20-17-53-45-350x351.png 350w, https:\/\/stellarwebcraft.com\/wp-content\/uploads\/2026\/01\/Capture-decran-du-2026-01-20-17-53-45-100x100.png 100w, https:\/\/stellarwebcraft.com\/wp-content\/uploads\/2026\/01\/Capture-decran-du-2026-01-20-17-53-45-600x602.png 600w, https:\/\/stellarwebcraft.com\/wp-content\/uploads\/2026\/01\/Capture-decran-du-2026-01-20-17-53-45-300x300.png 300w, https:\/\/stellarwebcraft.com\/wp-content\/uploads\/2026\/01\/Capture-decran-du-2026-01-20-17-53-45-150x150.png 150w, https:\/\/stellarwebcraft.com\/wp-content\/uploads\/2026\/01\/Capture-decran-du-2026-01-20-17-53-45.png 605w\" sizes=\"(max-width: 350px) 100vw, 350px\" \/><\/div>\n\t\t\t\t\t<div class=\"wc-block-grid__product-title\">Bottines El\u00e9gantes WinterPlus<\/div>\n\t\t\t\t<\/a>\n\t\t\t\t<div class=\"wc-block-grid__product-price price\"><span class=\"woocommerce-Price-amount amount\">39,90&nbsp;<span class=\"woocommerce-Price-currencySymbol\">&euro;<\/span><\/span><\/div>\n\t\t\t\t\n\t\t\t\t<div class=\"wp-block-button wc-block-grid__product-add-to-cart\"><a href=\"https:\/\/orthopedio.fr\/products\/bottines-elegantes-orthoplus-nouveaute-hiver-2024?variant=47219519226180&#038;gad_source=1&#038;gad_campaignid=20949573294&#038;gclid=CjwKCAiA7LzLBhAgEiwAjMWzCCFcFSK7RV1zpqv7mxGf29FxvIuvusIvL_C4B-EHhWCPR7S_uQ78VRoCdGcQAvD_BwE\" aria-label=\"Acheter ce produit\" data-quantity=\"1\" data-product_id=\"888\" data-product_sku=\"\" data-price=\"39.9\" rel=\"nofollow\" class=\"wp-block-button__link  add_to_cart_button\">Acheter ce produit<\/a><\/div>\n\t\t\t<\/li><li class=\"wc-block-grid__product\">\n\t\t\t\t<a href=\"https:\/\/stellarwebcraft.com\/?product=une-chaussure-campus-dinspiration-skate-qui-celebre-des-matieres-iconiques\" class=\"wc-block-grid__product-link\">\n\t\t\t\t\t\n\t\t\t\t\t<div class=\"wc-block-grid__product-image\"><img decoding=\"async\" width=\"350\" height=\"227\" src=\"https:\/\/stellarwebcraft.com\/wp-content\/uploads\/2026\/01\/Capture-decran-du-2026-01-20-09-55-00-350x227.png\" class=\"attachment-woocommerce_thumbnail size-woocommerce_thumbnail\" alt=\"Une chaussure Campus d&#039;inspiration skate qui c\u00e9l\u00e8bre des mati\u00e8res iconiques\" srcset=\"https:\/\/stellarwebcraft.com\/wp-content\/uploads\/2026\/01\/Capture-decran-du-2026-01-20-09-55-00-350x227.png 350w, https:\/\/stellarwebcraft.com\/wp-content\/uploads\/2026\/01\/Capture-decran-du-2026-01-20-09-55-00-300x194.png 300w, https:\/\/stellarwebcraft.com\/wp-content\/uploads\/2026\/01\/Capture-decran-du-2026-01-20-09-55-00.png 551w\" sizes=\"(max-width: 350px) 100vw, 350px\" \/><\/div>\n\t\t\t\t\t<div class=\"wc-block-grid__product-title\">Une chaussure Campus d&rsquo;inspiration skate qui c\u00e9l\u00e8bre des mati\u00e8res iconiques<\/div>\n\t\t\t\t<\/a>\n\t\t\t\t<div class=\"wc-block-grid__product-price price\"><span class=\"woocommerce-Price-amount amount\">75,00&nbsp;<span class=\"woocommerce-Price-currencySymbol\">&euro;<\/span><\/span><\/div>\n\t\t\t\t\n\t\t\t\t<div class=\"wp-block-button wc-block-grid__product-add-to-cart\"><a href=\"\/index.php?rest_route=%2Fwp%2Fv2%2Fpages%2F377&#038;add-to-cart=876\" aria-label=\"Ajouter au panier\u00a0: &ldquo;Une chaussure Campus d&#039;inspiration skate qui c\u00e9l\u00e8bre des mati\u00e8res iconiques&rdquo;\" data-quantity=\"1\" data-product_id=\"876\" data-product_sku=\"\" data-price=\"75\" rel=\"nofollow\" class=\"wp-block-button__link  add_to_cart_button ajax_add_to_cart\">Ajouter au panier<\/a><\/div>\n\t\t\t<\/li><li class=\"wc-block-grid__product\">\n\t\t\t\t<a href=\"https:\/\/stellarwebcraft.com\/?product=formation-photoshop\" class=\"wc-block-grid__product-link\">\n\t\t\t\t\t\n\t\t\t\t\t<div class=\"wc-block-grid__product-image\"><img loading=\"lazy\" decoding=\"async\" width=\"350\" height=\"350\" src=\"https:\/\/stellarwebcraft.com\/wp-content\/uploads\/2025\/11\/7198a1SKjL._AC_SL1500_-350x350.jpg\" class=\"attachment-woocommerce_thumbnail size-woocommerce_thumbnail\" alt=\"Formation PhotoShop\" srcset=\"https:\/\/stellarwebcraft.com\/wp-content\/uploads\/2025\/11\/7198a1SKjL._AC_SL1500_-350x350.jpg 350w, https:\/\/stellarwebcraft.com\/wp-content\/uploads\/2025\/11\/7198a1SKjL._AC_SL1500_-100x100.jpg 100w, https:\/\/stellarwebcraft.com\/wp-content\/uploads\/2025\/11\/7198a1SKjL._AC_SL1500_-600x600.jpg 600w, https:\/\/stellarwebcraft.com\/wp-content\/uploads\/2025\/11\/7198a1SKjL._AC_SL1500_-300x300.jpg 300w, https:\/\/stellarwebcraft.com\/wp-content\/uploads\/2025\/11\/7198a1SKjL._AC_SL1500_-1024x1024.jpg 1024w, https:\/\/stellarwebcraft.com\/wp-content\/uploads\/2025\/11\/7198a1SKjL._AC_SL1500_-150x150.jpg 150w, https:\/\/stellarwebcraft.com\/wp-content\/uploads\/2025\/11\/7198a1SKjL._AC_SL1500_-768x768.jpg 768w, https:\/\/stellarwebcraft.com\/wp-content\/uploads\/2025\/11\/7198a1SKjL._AC_SL1500_-1200x1200.jpg 1200w, https:\/\/stellarwebcraft.com\/wp-content\/uploads\/2025\/11\/7198a1SKjL._AC_SL1500_.jpg 1500w\" sizes=\"(max-width: 350px) 100vw, 350px\" \/><\/div>\n\t\t\t\t\t<div class=\"wc-block-grid__product-title\">Formation PhotoShop<\/div>\n\t\t\t\t<\/a>\n\t\t\t\t<div class=\"wc-block-grid__product-price price\"><span class=\"woocommerce-Price-amount amount\">54,16&nbsp;<span class=\"woocommerce-Price-currencySymbol\">&euro;<\/span><\/span><\/div>\n\t\t\t\t\n\t\t\t\t<div class=\"wp-block-button wc-block-grid__product-add-to-cart\"><a href=\"https:\/\/www.amazon.fr\/gp\/aw\/d\/B076JK8Y4D\/?_encoding=UTF8&#038;pd_rd_plhdr=t&#038;aaxitk=8a1cc35f9c419555abcb8baa99485292&#038;hsa_cr_id=0&#038;qid=1764081243&#038;sr=1-1-1ee1b2e4-01d1-4cd0-b737-4c27ebfc8105&#038;aref=jg3IkX9lXg&#038;ref_=sbx__sbtcd2_asin_0_title&#038;pd_rd_w=dWlIQ&#038;content-id=amzn1.sym.102f5b8c-9a92-422c-bc8f-013d3ccd4947%3Aamzn1.sym.102f5b8c-9a92-422c-bc8f-013d3ccd4947&#038;pf_rd_p=102f5b8c-9a92-422c-bc8f-013d3ccd4947&#038;pf_rd_r=V4WC0TY1SVZGGEQEDBQ7&#038;pd_rd_wg=pszhf&#038;pd_rd_r=be8f5fec-64a6-4eb4-8d9c-0cd14fb84ff4\" aria-label=\"Achat\" data-quantity=\"1\" data-product_id=\"383\" data-product_sku=\"\" data-price=\"54.16\" rel=\"nofollow\" class=\"wp-block-button__link  add_to_cart_button\">Achat<\/a><\/div>\n\t\t\t<\/li><\/ul><\/div><\/div>\n<\/div>\n","protected":false},"excerpt":{"rendered":"","protected":false},"author":1,"featured_media":0,"parent":0,"menu_order":0,"comment_status":"closed","ping_status":"closed","template":"","meta":{"_crdt_document":"","footnotes":""},"class_list":["post-377","page","type-page","status-publish","hentry"],"yoast_head":"<!-- This site is optimized with the Yoast SEO plugin v27.4 - https:\/\/yoast.com\/product\/yoast-seo-wordpress\/ -->\n<title>Cart -<\/title>\n<meta name=\"robots\" content=\"index, follow, max-snippet:-1, max-image-preview:large, max-video-preview:-1\" \/>\n<link rel=\"canonical\" href=\"https:\/\/stellarwebcraft.com\/?page_id=377\" \/>\n<meta property=\"og:locale\" content=\"fr_FR\" \/>\n<meta property=\"og:type\" content=\"article\" \/>\n<meta property=\"og:title\" content=\"Cart -\" \/>\n<meta property=\"og:url\" content=\"https:\/\/stellarwebcraft.com\/?page_id=377\" \/>\n<meta property=\"article:publisher\" content=\"https:\/\/www.facebook.com\/RealFlightSimulator\" \/>\n<meta property=\"article:modified_time\" content=\"2025-11-25T12:07:15+00:00\" \/>\n<meta property=\"og:image\" content=\"https:\/\/stellarwebcraft.com\/wp-content\/uploads\/2025\/12\/Fond-Web-stellar-version-stellar.png\" \/>\n\t<meta property=\"og:image:width\" content=\"500\" \/>\n\t<meta property=\"og:image:height\" content=\"500\" \/>\n\t<meta property=\"og:image:type\" content=\"image\/png\" \/>\n<meta name=\"twitter:card\" content=\"summary_large_image\" \/>\n<script type=\"application\/ld+json\" class=\"yoast-schema-graph\">{\"@context\":\"https:\\\/\\\/schema.org\",\"@graph\":[{\"@type\":\"WebPage\",\"@id\":\"https:\\\/\\\/stellarwebcraft.com\\\/?page_id=377\",\"url\":\"https:\\\/\\\/stellarwebcraft.com\\\/?page_id=377\",\"name\":\"Cart -\",\"isPartOf\":{\"@id\":\"https:\\\/\\\/stellarwebcraft.com\\\/#website\"},\"datePublished\":\"2025-11-25T11:54:43+00:00\",\"dateModified\":\"2025-11-25T12:07:15+00:00\",\"breadcrumb\":{\"@id\":\"https:\\\/\\\/stellarwebcraft.com\\\/?page_id=377#breadcrumb\"},\"inLanguage\":\"fr-FR\",\"potentialAction\":[{\"@type\":\"ReadAction\",\"target\":[\"https:\\\/\\\/stellarwebcraft.com\\\/?page_id=377\"]}]},{\"@type\":\"BreadcrumbList\",\"@id\":\"https:\\\/\\\/stellarwebcraft.com\\\/?page_id=377#breadcrumb\",\"itemListElement\":[{\"@type\":\"ListItem\",\"position\":1,\"name\":\"Home\",\"item\":\"https:\\\/\\\/stellarwebcraft.com\\\/\"},{\"@type\":\"ListItem\",\"position\":2,\"name\":\"Cart\"}]},{\"@type\":\"WebSite\",\"@id\":\"https:\\\/\\\/stellarwebcraft.com\\\/#website\",\"url\":\"https:\\\/\\\/stellarwebcraft.com\\\/\",\"name\":\"Stellar Webcraft\",\"description\":\"Surf et sport\",\"publisher\":{\"@id\":\"https:\\\/\\\/stellarwebcraft.com\\\/#organization\"},\"alternateName\":\"Agence Webflow & Wordpress\",\"potentialAction\":[{\"@type\":\"SearchAction\",\"target\":{\"@type\":\"EntryPoint\",\"urlTemplate\":\"https:\\\/\\\/stellarwebcraft.com\\\/?s={search_term_string}\"},\"query-input\":{\"@type\":\"PropertyValueSpecification\",\"valueRequired\":true,\"valueName\":\"search_term_string\"}}],\"inLanguage\":\"fr-FR\"},{\"@type\":\"Organization\",\"@id\":\"https:\\\/\\\/stellarwebcraft.com\\\/#organization\",\"name\":\"Stellar webcraft\",\"alternateName\":\"Agence Webflow & Wordpress\",\"url\":\"https:\\\/\\\/stellarwebcraft.com\\\/\",\"logo\":{\"@type\":\"ImageObject\",\"inLanguage\":\"fr-FR\",\"@id\":\"https:\\\/\\\/stellarwebcraft.com\\\/#\\\/schema\\\/logo\\\/image\\\/\",\"url\":\"https:\\\/\\\/stellarwebcraft.com\\\/wp-content\\\/uploads\\\/2025\\\/12\\\/Fond-Web-stellar-version-stellar.png\",\"contentUrl\":\"https:\\\/\\\/stellarwebcraft.com\\\/wp-content\\\/uploads\\\/2025\\\/12\\\/Fond-Web-stellar-version-stellar.png\",\"width\":500,\"height\":500,\"caption\":\"Stellar webcraft\"},\"image\":{\"@id\":\"https:\\\/\\\/stellarwebcraft.com\\\/#\\\/schema\\\/logo\\\/image\\\/\"},\"sameAs\":[\"https:\\\/\\\/www.facebook.com\\\/RealFlightSimulator\",\"https:\\\/\\\/mysticstarseeds.fr\\\/\"]}]}<\/script>\n<!-- \/ Yoast SEO plugin. -->","yoast_head_json":{"title":"Cart -","robots":{"index":"index","follow":"follow","max-snippet":"max-snippet:-1","max-image-preview":"max-image-preview:large","max-video-preview":"max-video-preview:-1"},"canonical":"https:\/\/stellarwebcraft.com\/?page_id=377","og_locale":"fr_FR","og_type":"article","og_title":"Cart -","og_url":"https:\/\/stellarwebcraft.com\/?page_id=377","article_publisher":"https:\/\/www.facebook.com\/RealFlightSimulator","article_modified_time":"2025-11-25T12:07:15+00:00","og_image":[{"width":500,"height":500,"url":"https:\/\/stellarwebcraft.com\/wp-content\/uploads\/2025\/12\/Fond-Web-stellar-version-stellar.png","type":"image\/png"}],"twitter_card":"summary_large_image","schema":{"@context":"https:\/\/schema.org","@graph":[{"@type":"WebPage","@id":"https:\/\/stellarwebcraft.com\/?page_id=377","url":"https:\/\/stellarwebcraft.com\/?page_id=377","name":"Cart -","isPartOf":{"@id":"https:\/\/stellarwebcraft.com\/#website"},"datePublished":"2025-11-25T11:54:43+00:00","dateModified":"2025-11-25T12:07:15+00:00","breadcrumb":{"@id":"https:\/\/stellarwebcraft.com\/?page_id=377#breadcrumb"},"inLanguage":"fr-FR","potentialAction":[{"@type":"ReadAction","target":["https:\/\/stellarwebcraft.com\/?page_id=377"]}]},{"@type":"BreadcrumbList","@id":"https:\/\/stellarwebcraft.com\/?page_id=377#breadcrumb","itemListElement":[{"@type":"ListItem","position":1,"name":"Home","item":"https:\/\/stellarwebcraft.com\/"},{"@type":"ListItem","position":2,"name":"Cart"}]},{"@type":"WebSite","@id":"https:\/\/stellarwebcraft.com\/#website","url":"https:\/\/stellarwebcraft.com\/","name":"Stellar Webcraft","description":"Surf et sport","publisher":{"@id":"https:\/\/stellarwebcraft.com\/#organization"},"alternateName":"Agence Webflow & Wordpress","potentialAction":[{"@type":"SearchAction","target":{"@type":"EntryPoint","urlTemplate":"https:\/\/stellarwebcraft.com\/?s={search_term_string}"},"query-input":{"@type":"PropertyValueSpecification","valueRequired":true,"valueName":"search_term_string"}}],"inLanguage":"fr-FR"},{"@type":"Organization","@id":"https:\/\/stellarwebcraft.com\/#organization","name":"Stellar webcraft","alternateName":"Agence Webflow & Wordpress","url":"https:\/\/stellarwebcraft.com\/","logo":{"@type":"ImageObject","inLanguage":"fr-FR","@id":"https:\/\/stellarwebcraft.com\/#\/schema\/logo\/image\/","url":"https:\/\/stellarwebcraft.com\/wp-content\/uploads\/2025\/12\/Fond-Web-stellar-version-stellar.png","contentUrl":"https:\/\/stellarwebcraft.com\/wp-content\/uploads\/2025\/12\/Fond-Web-stellar-version-stellar.png","width":500,"height":500,"caption":"Stellar webcraft"},"image":{"@id":"https:\/\/stellarwebcraft.com\/#\/schema\/logo\/image\/"},"sameAs":["https:\/\/www.facebook.com\/RealFlightSimulator","https:\/\/mysticstarseeds.fr\/"]}]}},"_hostinger_reach_plugin_has_subscription_block":false,"_hostinger_reach_plugin_is_elementor":false,"_links":{"self":[{"href":"https:\/\/stellarwebcraft.com\/index.php?rest_route=\/wp\/v2\/pages\/377","targetHints":{"allow":["GET"]}}],"collection":[{"href":"https:\/\/stellarwebcraft.com\/index.php?rest_route=\/wp\/v2\/pages"}],"about":[{"href":"https:\/\/stellarwebcraft.com\/index.php?rest_route=\/wp\/v2\/types\/page"}],"author":[{"embeddable":true,"href":"https:\/\/stellarwebcraft.com\/index.php?rest_route=\/wp\/v2\/users\/1"}],"replies":[{"embeddable":true,"href":"https:\/\/stellarwebcraft.com\/index.php?rest_route=%2Fwp%2Fv2%2Fcomments&post=377"}],"version-history":[{"count":1,"href":"https:\/\/stellarwebcraft.com\/index.php?rest_route=\/wp\/v2\/pages\/377\/revisions"}],"predecessor-version":[{"id":381,"href":"https:\/\/stellarwebcraft.com\/index.php?rest_route=\/wp\/v2\/pages\/377\/revisions\/381"}],"wp:attachment":[{"href":"https:\/\/stellarwebcraft.com\/index.php?rest_route=%2Fwp%2Fv2%2Fmedia&parent=377"}],"curies":[{"name":"wp","href":"https:\/\/api.w.org\/{rel}","templated":true}]}}