{"id":26,"date":"2025-11-10T15:58:09","date_gmt":"2025-11-10T15:58:09","guid":{"rendered":"https:\/\/stellarwebcraft.com\/?page_id=26"},"modified":"2025-11-18T14:43:07","modified_gmt":"2025-11-18T14:43:07","slug":"page","status":"publish","type":"page","link":"https:\/\/stellarwebcraft.com\/?page_id=26","title":{"rendered":"Formation PhotoShop"},"content":{"rendered":"\n<p class=\"wp-block-paragraph\">Plusieurs variations de Lorem Ipsum peuvent \u00eatre trouv\u00e9es ici ou l\u00e0, mais la majeure partie d&rsquo;entre elles a \u00e9t\u00e9 alt\u00e9r\u00e9e par l&rsquo;addition d&rsquo;humour ou de mots al\u00e9atoires qui ne ressemblent pas une seconde \u00e0 du texte standard. Si vous voulez utiliser un passage du Lorem Ipsum, vous devez \u00eatre s\u00fbr qu&rsquo;il n&rsquo;y a rien d&#8217;embarrassant cach\u00e9 dans le texte. Tous les g\u00e9n\u00e9rateurs de Lorem Ipsum sur Internet tendent \u00e0 reproduire le m\u00eame extrait sans fin, ce qui fait de lipsum.com le seul vrai g\u00e9n\u00e9rateur de Lorem Ipsum. Iil utilise un dictionnaire de plus de 200 mots latins, en combinaison de plusieurs structures de phrases, pour g\u00e9n\u00e9rer un Lorem Ipsum irr\u00e9prochable. Le Lorem Ipsum ainsi obtenu ne contient aucune r\u00e9p\u00e9tition, ni ne contient des mots farfelus, ou des touches d&rsquo;humour.<\/p>\n","protected":false},"excerpt":{"rendered":"<p>Plusieurs variations de Lorem Ipsum peuvent \u00eatre trouv\u00e9es ici ou l\u00e0, mais la majeure partie d&rsquo;entre elles a \u00e9t\u00e9 alt\u00e9r\u00e9e par l&rsquo;addition d&rsquo;humour ou de mots al\u00e9atoires qui ne ressemblent pas une seconde \u00e0 du texte standard. Si vous voulez utiliser un passage du Lorem Ipsum, vous devez \u00eatre s\u00fbr qu&rsquo;il n&rsquo;y a rien d&#8217;embarrassant cach\u00e9 dans le texte. Tous les g\u00e9n\u00e9rateurs de Lorem Ipsum sur Internet tendent \u00e0 reproduire le m\u00eame extrait sans fin, ce qui fait de lipsum.com le seul vrai g\u00e9n\u00e9rateur de Lorem Ipsum. Iil utilise un dictionnaire de plus de 200 mots latins, en combinaison de plusieurs<a href=\"https:\/\/stellarwebcraft.com\/?page_id=26\" class=\"more-link\"><span class=\"screen-reader-text\"> \u00ab\u00a0Formation PhotoShop\u00a0\u00bb<\/span><\/a><\/p>\n","protected":false},"author":1,"featured_media":0,"parent":0,"menu_order":0,"comment_status":"closed","ping_status":"closed","template":"","meta":{"_crdt_document":"","footnotes":""},"class_list":["post-26","page","type-page","status-publish","hentry"],"yoast_head":"<!-- This site is optimized with the Yoast SEO plugin v27.4 - https:\/\/yoast.com\/product\/yoast-seo-wordpress\/ -->\n<title>Formation PhotoShop -<\/title>\n<meta name=\"robots\" content=\"index, follow, max-snippet:-1, max-image-preview:large, max-video-preview:-1\" \/>\n<link rel=\"canonical\" href=\"https:\/\/stellarwebcraft.com\/?page_id=26\" \/>\n<meta property=\"og:locale\" content=\"fr_FR\" \/>\n<meta property=\"og:type\" content=\"article\" \/>\n<meta property=\"og:title\" content=\"Formation PhotoShop -\" \/>\n<meta property=\"og:description\" content=\"Plusieurs variations de Lorem Ipsum peuvent \u00eatre trouv\u00e9es ici ou l\u00e0, mais la majeure partie d&rsquo;entre elles a \u00e9t\u00e9 alt\u00e9r\u00e9e par l&rsquo;addition d&rsquo;humour ou de mots al\u00e9atoires qui ne ressemblent pas une seconde \u00e0 du texte standard. Si vous voulez utiliser un passage du Lorem Ipsum, vous devez \u00eatre s\u00fbr qu&rsquo;il n&rsquo;y a rien d&#8217;embarrassant cach\u00e9 dans le texte. Tous les g\u00e9n\u00e9rateurs de Lorem Ipsum sur Internet tendent \u00e0 reproduire le m\u00eame extrait sans fin, ce qui fait de lipsum.com le seul vrai g\u00e9n\u00e9rateur de Lorem Ipsum. Iil utilise un dictionnaire de plus de 200 mots latins, en combinaison de plusieurs &quot;Formation PhotoShop&quot;\" \/>\n<meta property=\"og:url\" content=\"https:\/\/stellarwebcraft.com\/?page_id=26\" \/>\n<meta property=\"article:publisher\" content=\"https:\/\/www.facebook.com\/RealFlightSimulator\" \/>\n<meta property=\"article:modified_time\" content=\"2025-11-18T14:43:07+00:00\" \/>\n<meta property=\"og:image\" content=\"https:\/\/stellarwebcraft.com\/wp-content\/uploads\/2025\/12\/Fond-Web-stellar-version-stellar.png\" \/>\n\t<meta property=\"og:image:width\" content=\"500\" \/>\n\t<meta property=\"og:image:height\" content=\"500\" \/>\n\t<meta property=\"og:image:type\" content=\"image\/png\" \/>\n<meta name=\"twitter:card\" content=\"summary_large_image\" \/>\n<meta name=\"twitter:label1\" content=\"Dur\u00e9e de lecture estim\u00e9e\" \/>\n\t<meta name=\"twitter:data1\" content=\"1 minute\" \/>\n<script type=\"application\/ld+json\" class=\"yoast-schema-graph\">{\"@context\":\"https:\\\/\\\/schema.org\",\"@graph\":[{\"@type\":\"WebPage\",\"@id\":\"https:\\\/\\\/stellarwebcraft.com\\\/?page_id=26\",\"url\":\"https:\\\/\\\/stellarwebcraft.com\\\/?page_id=26\",\"name\":\"Formation PhotoShop -\",\"isPartOf\":{\"@id\":\"https:\\\/\\\/stellarwebcraft.com\\\/#website\"},\"datePublished\":\"2025-11-10T15:58:09+00:00\",\"dateModified\":\"2025-11-18T14:43:07+00:00\",\"breadcrumb\":{\"@id\":\"https:\\\/\\\/stellarwebcraft.com\\\/?page_id=26#breadcrumb\"},\"inLanguage\":\"fr-FR\",\"potentialAction\":[{\"@type\":\"ReadAction\",\"target\":[\"https:\\\/\\\/stellarwebcraft.com\\\/?page_id=26\"]}]},{\"@type\":\"BreadcrumbList\",\"@id\":\"https:\\\/\\\/stellarwebcraft.com\\\/?page_id=26#breadcrumb\",\"itemListElement\":[{\"@type\":\"ListItem\",\"position\":1,\"name\":\"Home\",\"item\":\"https:\\\/\\\/stellarwebcraft.com\\\/\"},{\"@type\":\"ListItem\",\"position\":2,\"name\":\"Formation PhotoShop\"}]},{\"@type\":\"WebSite\",\"@id\":\"https:\\\/\\\/stellarwebcraft.com\\\/#website\",\"url\":\"https:\\\/\\\/stellarwebcraft.com\\\/\",\"name\":\"Stellar Webcraft\",\"description\":\"Surf et sport\",\"publisher\":{\"@id\":\"https:\\\/\\\/stellarwebcraft.com\\\/#organization\"},\"alternateName\":\"Agence Webflow & Wordpress\",\"potentialAction\":[{\"@type\":\"SearchAction\",\"target\":{\"@type\":\"EntryPoint\",\"urlTemplate\":\"https:\\\/\\\/stellarwebcraft.com\\\/?s={search_term_string}\"},\"query-input\":{\"@type\":\"PropertyValueSpecification\",\"valueRequired\":true,\"valueName\":\"search_term_string\"}}],\"inLanguage\":\"fr-FR\"},{\"@type\":\"Organization\",\"@id\":\"https:\\\/\\\/stellarwebcraft.com\\\/#organization\",\"name\":\"Stellar webcraft\",\"alternateName\":\"Agence Webflow & Wordpress\",\"url\":\"https:\\\/\\\/stellarwebcraft.com\\\/\",\"logo\":{\"@type\":\"ImageObject\",\"inLanguage\":\"fr-FR\",\"@id\":\"https:\\\/\\\/stellarwebcraft.com\\\/#\\\/schema\\\/logo\\\/image\\\/\",\"url\":\"https:\\\/\\\/stellarwebcraft.com\\\/wp-content\\\/uploads\\\/2025\\\/12\\\/Fond-Web-stellar-version-stellar.png\",\"contentUrl\":\"https:\\\/\\\/stellarwebcraft.com\\\/wp-content\\\/uploads\\\/2025\\\/12\\\/Fond-Web-stellar-version-stellar.png\",\"width\":500,\"height\":500,\"caption\":\"Stellar webcraft\"},\"image\":{\"@id\":\"https:\\\/\\\/stellarwebcraft.com\\\/#\\\/schema\\\/logo\\\/image\\\/\"},\"sameAs\":[\"https:\\\/\\\/www.facebook.com\\\/RealFlightSimulator\",\"https:\\\/\\\/mysticstarseeds.fr\\\/\"]}]}<\/script>\n<!-- \/ Yoast SEO plugin. -->","yoast_head_json":{"title":"Formation PhotoShop -","robots":{"index":"index","follow":"follow","max-snippet":"max-snippet:-1","max-image-preview":"max-image-preview:large","max-video-preview":"max-video-preview:-1"},"canonical":"https:\/\/stellarwebcraft.com\/?page_id=26","og_locale":"fr_FR","og_type":"article","og_title":"Formation PhotoShop -","og_description":"Plusieurs variations de Lorem Ipsum peuvent \u00eatre trouv\u00e9es ici ou l\u00e0, mais la majeure partie d&rsquo;entre elles a \u00e9t\u00e9 alt\u00e9r\u00e9e par l&rsquo;addition d&rsquo;humour ou de mots al\u00e9atoires qui ne ressemblent pas une seconde \u00e0 du texte standard. Si vous voulez utiliser un passage du Lorem Ipsum, vous devez \u00eatre s\u00fbr qu&rsquo;il n&rsquo;y a rien d&#8217;embarrassant cach\u00e9 dans le texte. Tous les g\u00e9n\u00e9rateurs de Lorem Ipsum sur Internet tendent \u00e0 reproduire le m\u00eame extrait sans fin, ce qui fait de lipsum.com le seul vrai g\u00e9n\u00e9rateur de Lorem Ipsum. Iil utilise un dictionnaire de plus de 200 mots latins, en combinaison de plusieurs \"Formation PhotoShop\"","og_url":"https:\/\/stellarwebcraft.com\/?page_id=26","article_publisher":"https:\/\/www.facebook.com\/RealFlightSimulator","article_modified_time":"2025-11-18T14:43:07+00:00","og_image":[{"width":500,"height":500,"url":"https:\/\/stellarwebcraft.com\/wp-content\/uploads\/2025\/12\/Fond-Web-stellar-version-stellar.png","type":"image\/png"}],"twitter_card":"summary_large_image","twitter_misc":{"Dur\u00e9e de lecture estim\u00e9e":"1 minute"},"schema":{"@context":"https:\/\/schema.org","@graph":[{"@type":"WebPage","@id":"https:\/\/stellarwebcraft.com\/?page_id=26","url":"https:\/\/stellarwebcraft.com\/?page_id=26","name":"Formation PhotoShop -","isPartOf":{"@id":"https:\/\/stellarwebcraft.com\/#website"},"datePublished":"2025-11-10T15:58:09+00:00","dateModified":"2025-11-18T14:43:07+00:00","breadcrumb":{"@id":"https:\/\/stellarwebcraft.com\/?page_id=26#breadcrumb"},"inLanguage":"fr-FR","potentialAction":[{"@type":"ReadAction","target":["https:\/\/stellarwebcraft.com\/?page_id=26"]}]},{"@type":"BreadcrumbList","@id":"https:\/\/stellarwebcraft.com\/?page_id=26#breadcrumb","itemListElement":[{"@type":"ListItem","position":1,"name":"Home","item":"https:\/\/stellarwebcraft.com\/"},{"@type":"ListItem","position":2,"name":"Formation PhotoShop"}]},{"@type":"WebSite","@id":"https:\/\/stellarwebcraft.com\/#website","url":"https:\/\/stellarwebcraft.com\/","name":"Stellar Webcraft","description":"Surf et sport","publisher":{"@id":"https:\/\/stellarwebcraft.com\/#organization"},"alternateName":"Agence Webflow & Wordpress","potentialAction":[{"@type":"SearchAction","target":{"@type":"EntryPoint","urlTemplate":"https:\/\/stellarwebcraft.com\/?s={search_term_string}"},"query-input":{"@type":"PropertyValueSpecification","valueRequired":true,"valueName":"search_term_string"}}],"inLanguage":"fr-FR"},{"@type":"Organization","@id":"https:\/\/stellarwebcraft.com\/#organization","name":"Stellar webcraft","alternateName":"Agence Webflow & Wordpress","url":"https:\/\/stellarwebcraft.com\/","logo":{"@type":"ImageObject","inLanguage":"fr-FR","@id":"https:\/\/stellarwebcraft.com\/#\/schema\/logo\/image\/","url":"https:\/\/stellarwebcraft.com\/wp-content\/uploads\/2025\/12\/Fond-Web-stellar-version-stellar.png","contentUrl":"https:\/\/stellarwebcraft.com\/wp-content\/uploads\/2025\/12\/Fond-Web-stellar-version-stellar.png","width":500,"height":500,"caption":"Stellar webcraft"},"image":{"@id":"https:\/\/stellarwebcraft.com\/#\/schema\/logo\/image\/"},"sameAs":["https:\/\/www.facebook.com\/RealFlightSimulator","https:\/\/mysticstarseeds.fr\/"]}]}},"_hostinger_reach_plugin_has_subscription_block":false,"_hostinger_reach_plugin_is_elementor":false,"_links":{"self":[{"href":"https:\/\/stellarwebcraft.com\/index.php?rest_route=\/wp\/v2\/pages\/26","targetHints":{"allow":["GET"]}}],"collection":[{"href":"https:\/\/stellarwebcraft.com\/index.php?rest_route=\/wp\/v2\/pages"}],"about":[{"href":"https:\/\/stellarwebcraft.com\/index.php?rest_route=\/wp\/v2\/types\/page"}],"author":[{"embeddable":true,"href":"https:\/\/stellarwebcraft.com\/index.php?rest_route=\/wp\/v2\/users\/1"}],"replies":[{"embeddable":true,"href":"https:\/\/stellarwebcraft.com\/index.php?rest_route=%2Fwp%2Fv2%2Fcomments&post=26"}],"version-history":[{"count":3,"href":"https:\/\/stellarwebcraft.com\/index.php?rest_route=\/wp\/v2\/pages\/26\/revisions"}],"predecessor-version":[{"id":153,"href":"https:\/\/stellarwebcraft.com\/index.php?rest_route=\/wp\/v2\/pages\/26\/revisions\/153"}],"wp:attachment":[{"href":"https:\/\/stellarwebcraft.com\/index.php?rest_route=%2Fwp%2Fv2%2Fmedia&parent=26"}],"curies":[{"name":"wp","href":"https:\/\/api.w.org\/{rel}","templated":true}]}}